{"id":1385,"date":"2018-07-03T14:08:23","date_gmt":"2018-07-03T19:08:23","guid":{"rendered":"https:\/\/fad.unsa.edu.pe\/administracion\/?page_id=1385"},"modified":"2018-07-03T14:08:23","modified_gmt":"2018-07-03T19:08:23","slug":"grados-y-titulos","status":"publish","type":"page","link":"https:\/\/fad.unsa.edu.pe\/administracion\/grados-y-titulos\/","title":{"rendered":"Grados y T\u00edtulos"},"content":{"rendered":"<ul>\n<li>GRADO ACAD\u00c9MICO:<br \/>\nBachiller en Administraci\u00f3n<\/li>\n<li>T\u00cdTULO PROFESIONAL:<br \/>\nLicenciado en Administraci\u00f3n<\/li>\n<\/ul>\n","protected":false},"excerpt":{"rendered":"<p>GRADO ACAD\u00c9MICO: Bachiller en Administraci\u00f3n T\u00cdTULO PROFESIONAL: Licenciado en Administraci\u00f3n<\/p>\n","protected":false},"author":1,"featured_media":0,"parent":0,"menu_order":0,"comment_status":"closed","ping_status":"closed","template":"","meta":{"_acf_changed":false,"footnotes":""},"class_list":["post-1385","page","type-page","status-publish","hentry"],"acf":[],"_links":{"self":[{"href":"https:\/\/fad.unsa.edu.pe\/administracion\/wp-json\/wp\/v2\/pages\/1385","targetHints":{"allow":["GET"]}}],"collection":[{"href":"https:\/\/fad.unsa.edu.pe\/administracion\/wp-json\/wp\/v2\/pages"}],"about":[{"href":"https:\/\/fad.unsa.edu.pe\/administracion\/wp-json\/wp\/v2\/types\/page"}],"author":[{"embeddable":true,"href":"https:\/\/fad.unsa.edu.pe\/administracion\/wp-json\/wp\/v2\/users\/1"}],"replies":[{"embeddable":true,"href":"https:\/\/fad.unsa.edu.pe\/administracion\/wp-json\/wp\/v2\/comments?post=1385"}],"version-history":[{"count":1,"href":"https:\/\/fad.unsa.edu.pe\/administracion\/wp-json\/wp\/v2\/pages\/1385\/revisions"}],"predecessor-version":[{"id":1386,"href":"https:\/\/fad.unsa.edu.pe\/administracion\/wp-json\/wp\/v2\/pages\/1385\/revisions\/1386"}],"wp:attachment":[{"href":"https:\/\/fad.unsa.edu.pe\/administracion\/wp-json\/wp\/v2\/media?parent=1385"}],"curies":[{"name":"wp","href":"https:\/\/api.w.org\/{rel}","templated":true}]}}