{"id":1121,"date":"2017-07-25T15:29:40","date_gmt":"2017-07-25T15:29:40","guid":{"rendered":"http:\/\/www2.unsa.edu.pe\/escuelas\/administracion\/?page_id=1121"},"modified":"2025-10-27T20:25:59","modified_gmt":"2025-10-28T01:25:59","slug":"resena-historica","status":"publish","type":"page","link":"https:\/\/fad.unsa.edu.pe\/administracioncamana\/resena-historica\/","title":{"rendered":"Rese\u00f1a Hist\u00f3rica"},"content":{"rendered":"<p>El origen de la Facultad de Administraci\u00f3n y por ende de la Escuela Profesional de Administraci\u00f3n data del a\u00f1o 1982, a\u00f1o en el que se crea la Facultad de Ciencias Contables, Administrativas y Actuariales, conformada por la Escuela Profesional de Contabilidad y la Escuela Profesional de Ciencias Administrativas. El a\u00f1o 2008 la Facultad de Ciencias Contables, Administrativas y Actuariales se desdobla en la Facultad de Ciencias Contables y Financieras y la<br \/>\nFacultad de Administraci\u00f3n, a partir de esta escisi\u00f3n es que nace la Escuela Profesional de Administraci\u00f3n, como escuela matriz de la facultad. En la resoluci\u00f3n fundacional se declara como d\u00eda central de la escuela todos los seis de julio.<\/p>\n<p>En nuestra universidad la carrera de Administraci\u00f3n tiene 42 a\u00f1os de antig\u00fcedad, y 16 a\u00f1os<br \/>\ndesde la creaci\u00f3n de la Escuela Profesional de Administraci\u00f3n.<\/p>\n","protected":false},"excerpt":{"rendered":"<p>El origen de la Facultad de Administraci\u00f3n y por ende de la Escuela Profesional de Administraci\u00f3n data del a\u00f1o 1982, a\u00f1o en el que se crea la Facultad de Ciencias Contables, Administrativas y Actuariales, conformada por la Escuela Profesional de Contabilidad y la Escuela Profesional de Ciencias Administrativas. El a\u00f1o 2008 la Facultad de Ciencias [&hellip;]<\/p>\n","protected":false},"author":1,"featured_media":0,"parent":0,"menu_order":0,"comment_status":"closed","ping_status":"closed","template":"","meta":{"_acf_changed":false,"footnotes":""},"class_list":["post-1121","page","type-page","status-publish","hentry"],"acf":[],"_links":{"self":[{"href":"https:\/\/fad.unsa.edu.pe\/administracioncamana\/wp-json\/wp\/v2\/pages\/1121","targetHints":{"allow":["GET"]}}],"collection":[{"href":"https:\/\/fad.unsa.edu.pe\/administracioncamana\/wp-json\/wp\/v2\/pages"}],"about":[{"href":"https:\/\/fad.unsa.edu.pe\/administracioncamana\/wp-json\/wp\/v2\/types\/page"}],"author":[{"embeddable":true,"href":"https:\/\/fad.unsa.edu.pe\/administracioncamana\/wp-json\/wp\/v2\/users\/1"}],"replies":[{"embeddable":true,"href":"https:\/\/fad.unsa.edu.pe\/administracioncamana\/wp-json\/wp\/v2\/comments?post=1121"}],"version-history":[{"count":1,"href":"https:\/\/fad.unsa.edu.pe\/administracioncamana\/wp-json\/wp\/v2\/pages\/1121\/revisions"}],"predecessor-version":[{"id":1610,"href":"https:\/\/fad.unsa.edu.pe\/administracioncamana\/wp-json\/wp\/v2\/pages\/1121\/revisions\/1610"}],"wp:attachment":[{"href":"https:\/\/fad.unsa.edu.pe\/administracioncamana\/wp-json\/wp\/v2\/media?parent=1121"}],"curies":[{"name":"wp","href":"https:\/\/api.w.org\/{rel}","templated":true}]}}