{"id":1128,"date":"2017-07-25T15:33:53","date_gmt":"2017-07-25T15:33:53","guid":{"rendered":"http:\/\/www2.unsa.edu.pe\/escuelas\/administracion\/?page_id=1128"},"modified":"2025-11-06T15:26:37","modified_gmt":"2025-11-06T20:26:37","slug":"director-de-escuela","status":"publish","type":"page","link":"https:\/\/fad.unsa.edu.pe\/administracioncamana\/director-de-escuela\/","title":{"rendered":"Director de Escuela"},"content":{"rendered":"<h3>DR. JUAN CARLOS DELGADO LUJAN<\/h3>\n<p>Administrador con m\u00e1s de 40 a\u00f1os de trayectoria en gesti\u00f3n empresarial, consultor\u00eda organizacional, liderazgo institucional y docencia universitaria. Doctor en Administraci\u00f3n y dos veces Mag\u00edster por la Universidad ESAN. Ha ejercido diversos cargos de gesti\u00f3n acad\u00e9mica \u2014Director de Escuela, Jefe de Departamento, Consejero y actualmente Asamble\u00edsta Universitario en la Universidad Nacional de San Agust\u00edn de Arequipa\u2014 liderando procesos de acreditaci\u00f3n, innovaci\u00f3n y mejora continua. Especialista en Proyectos de Inversi\u00f3n, Log\u00edstica, Producci\u00f3n, Supply Chain Management y Operaciones.<br \/>\nSe desempe\u00f1a como Director Gerente de la ONG Progenio Inka y presidente de la Asociaci\u00f3n de Vivienda San Agust\u00edn de Tagaste, promoviendo iniciativas de desarrollo social y sostenible. Posee amplia experiencia en formaci\u00f3n andrag\u00f3gica, desarrollo de PYMES y liderazgo transformador, siendo reconocido por su visi\u00f3n estrat\u00e9gica, su capacidad de gesti\u00f3n en entornos complejos y su compromiso con la educaci\u00f3n, la innovaci\u00f3n y la vinculaci\u00f3n universidad\u2013empresa\u2013sociedad.<\/p>\n","protected":false},"excerpt":{"rendered":"<p>DR. JUAN CARLOS DELGADO LUJAN Administrador con m\u00e1s de 40 a\u00f1os de trayectoria en gesti\u00f3n empresarial, consultor\u00eda organizacional, liderazgo institucional y docencia universitaria. Doctor en Administraci\u00f3n y dos veces Mag\u00edster por la Universidad ESAN. Ha ejercido diversos cargos de gesti\u00f3n acad\u00e9mica \u2014Director de Escuela, Jefe de Departamento, Consejero y actualmente Asamble\u00edsta Universitario en la Universidad [&hellip;]<\/p>\n","protected":false},"author":1,"featured_media":1440,"parent":0,"menu_order":0,"comment_status":"closed","ping_status":"closed","template":"","meta":{"_acf_changed":false,"footnotes":""},"class_list":["post-1128","page","type-page","status-publish","has-post-thumbnail","hentry"],"acf":[],"_links":{"self":[{"href":"https:\/\/fad.unsa.edu.pe\/administracioncamana\/wp-json\/wp\/v2\/pages\/1128","targetHints":{"allow":["GET"]}}],"collection":[{"href":"https:\/\/fad.unsa.edu.pe\/administracioncamana\/wp-json\/wp\/v2\/pages"}],"about":[{"href":"https:\/\/fad.unsa.edu.pe\/administracioncamana\/wp-json\/wp\/v2\/types\/page"}],"author":[{"embeddable":true,"href":"https:\/\/fad.unsa.edu.pe\/administracioncamana\/wp-json\/wp\/v2\/users\/1"}],"replies":[{"embeddable":true,"href":"https:\/\/fad.unsa.edu.pe\/administracioncamana\/wp-json\/wp\/v2\/comments?post=1128"}],"version-history":[{"count":5,"href":"https:\/\/fad.unsa.edu.pe\/administracioncamana\/wp-json\/wp\/v2\/pages\/1128\/revisions"}],"predecessor-version":[{"id":1763,"href":"https:\/\/fad.unsa.edu.pe\/administracioncamana\/wp-json\/wp\/v2\/pages\/1128\/revisions\/1763"}],"wp:featuredmedia":[{"embeddable":true,"href":"https:\/\/fad.unsa.edu.pe\/administracioncamana\/wp-json\/wp\/v2\/media\/1440"}],"wp:attachment":[{"href":"https:\/\/fad.unsa.edu.pe\/administracioncamana\/wp-json\/wp\/v2\/media?parent=1128"}],"curies":[{"name":"wp","href":"https:\/\/api.w.org\/{rel}","templated":true}]}}