{"id":1640,"date":"2025-10-28T11:10:56","date_gmt":"2025-10-28T16:10:56","guid":{"rendered":"https:\/\/fad.unsa.edu.pe\/administracioncamana\/?page_id=1640"},"modified":"2025-10-28T11:11:49","modified_gmt":"2025-10-28T16:11:49","slug":"perfil-del-egresado-2025","status":"publish","type":"page","link":"https:\/\/fad.unsa.edu.pe\/administracioncamana\/perfil-del-egresado-2025\/","title":{"rendered":"Perfil del Egresado 2025"},"content":{"rendered":"<ul>\n<li>Es \u00edntegro en valores y principios.<\/li>\n<li>Tiene actitud competitiva y demuestra visi\u00f3n de oportunidad.<\/li>\n<li>Demuestra competencia para dar soluci\u00f3n a problemas, de la administraci\u00f3n, aplicando los conocimientos y herramientas adquiridas en la carrera.<\/li>\n<li>Posee caracter\u00edsticas de l\u00edder, creativo, innovador, emprendedor, proactivo, investigador e interdisciplinario.<\/li>\n<li>Comprometido con la empresa, la sociedad y ambiente, demostrando eficiencia y efectividad en el uso de recursos y procesos.<\/li>\n<\/ul>\n","protected":false},"excerpt":{"rendered":"<p>Es \u00edntegro en valores y principios. Tiene actitud competitiva y demuestra visi\u00f3n de oportunidad. Demuestra competencia para dar soluci\u00f3n a problemas, de la administraci\u00f3n, aplicando los conocimientos y herramientas adquiridas en la carrera. Posee caracter\u00edsticas de l\u00edder, creativo, innovador, emprendedor, proactivo, investigador e interdisciplinario. Comprometido con la empresa, la sociedad y ambiente, demostrando eficiencia y [&hellip;]<\/p>\n","protected":false},"author":7,"featured_media":0,"parent":0,"menu_order":0,"comment_status":"closed","ping_status":"closed","template":"","meta":{"_acf_changed":false,"footnotes":""},"class_list":["post-1640","page","type-page","status-publish","hentry"],"acf":[],"_links":{"self":[{"href":"https:\/\/fad.unsa.edu.pe\/administracioncamana\/wp-json\/wp\/v2\/pages\/1640","targetHints":{"allow":["GET"]}}],"collection":[{"href":"https:\/\/fad.unsa.edu.pe\/administracioncamana\/wp-json\/wp\/v2\/pages"}],"about":[{"href":"https:\/\/fad.unsa.edu.pe\/administracioncamana\/wp-json\/wp\/v2\/types\/page"}],"author":[{"embeddable":true,"href":"https:\/\/fad.unsa.edu.pe\/administracioncamana\/wp-json\/wp\/v2\/users\/7"}],"replies":[{"embeddable":true,"href":"https:\/\/fad.unsa.edu.pe\/administracioncamana\/wp-json\/wp\/v2\/comments?post=1640"}],"version-history":[{"count":2,"href":"https:\/\/fad.unsa.edu.pe\/administracioncamana\/wp-json\/wp\/v2\/pages\/1640\/revisions"}],"predecessor-version":[{"id":1642,"href":"https:\/\/fad.unsa.edu.pe\/administracioncamana\/wp-json\/wp\/v2\/pages\/1640\/revisions\/1642"}],"wp:attachment":[{"href":"https:\/\/fad.unsa.edu.pe\/administracioncamana\/wp-json\/wp\/v2\/media?parent=1640"}],"curies":[{"name":"wp","href":"https:\/\/api.w.org\/{rel}","templated":true}]}}