{"id":1676,"date":"2025-10-28T15:38:05","date_gmt":"2025-10-28T20:38:05","guid":{"rendered":"https:\/\/fad.unsa.edu.pe\/administracioncamana\/?page_id=1676"},"modified":"2025-10-29T20:08:16","modified_gmt":"2025-10-30T01:08:16","slug":"perfil-del-ingreante","status":"publish","type":"page","link":"https:\/\/fad.unsa.edu.pe\/administracioncamana\/perfil-del-ingreante\/","title":{"rendered":"Perfil del Ingresante 2025"},"content":{"rendered":"<ul>\n<li>Demuestra raciocinio matem\u00e1tico, l\u00f3gico-matem\u00e1tico.<\/li>\n<li>Demuestra capacidad para la comprensi\u00f3n de textos.<\/li>\n<li>Tiene capacidad de adaptaci\u00f3n e integraci\u00f3n demostrando compromiso.<\/li>\n<li>Reconoce desaf\u00edos en entornos cambiantes y act\u00faa resilientemente.<\/li>\n<li>Demuestra actitud proactiva, flexible y cr\u00edtica.<\/li>\n<li>Identifica la realidad nacional y global, la responsabilidad social y ambiental y la evoluci\u00f3n tecnol\u00f3gica.<\/li>\n<li>Demuestra respeto por la normatividad, \u00e9tica y valores.<\/li>\n<\/ul>\n","protected":false},"excerpt":{"rendered":"<p>Demuestra raciocinio matem\u00e1tico, l\u00f3gico-matem\u00e1tico. Demuestra capacidad para la comprensi\u00f3n de textos. Tiene capacidad de adaptaci\u00f3n e integraci\u00f3n demostrando compromiso. Reconoce desaf\u00edos en entornos cambiantes y act\u00faa resilientemente. Demuestra actitud proactiva, flexible y cr\u00edtica. Identifica la realidad nacional y global, la responsabilidad social y ambiental y la evoluci\u00f3n tecnol\u00f3gica. Demuestra respeto por la normatividad, \u00e9tica y [&hellip;]<\/p>\n","protected":false},"author":7,"featured_media":0,"parent":0,"menu_order":0,"comment_status":"closed","ping_status":"closed","template":"","meta":{"_acf_changed":false,"footnotes":""},"class_list":["post-1676","page","type-page","status-publish","hentry"],"acf":[],"_links":{"self":[{"href":"https:\/\/fad.unsa.edu.pe\/administracioncamana\/wp-json\/wp\/v2\/pages\/1676","targetHints":{"allow":["GET"]}}],"collection":[{"href":"https:\/\/fad.unsa.edu.pe\/administracioncamana\/wp-json\/wp\/v2\/pages"}],"about":[{"href":"https:\/\/fad.unsa.edu.pe\/administracioncamana\/wp-json\/wp\/v2\/types\/page"}],"author":[{"embeddable":true,"href":"https:\/\/fad.unsa.edu.pe\/administracioncamana\/wp-json\/wp\/v2\/users\/7"}],"replies":[{"embeddable":true,"href":"https:\/\/fad.unsa.edu.pe\/administracioncamana\/wp-json\/wp\/v2\/comments?post=1676"}],"version-history":[{"count":4,"href":"https:\/\/fad.unsa.edu.pe\/administracioncamana\/wp-json\/wp\/v2\/pages\/1676\/revisions"}],"predecessor-version":[{"id":1693,"href":"https:\/\/fad.unsa.edu.pe\/administracioncamana\/wp-json\/wp\/v2\/pages\/1676\/revisions\/1693"}],"wp:attachment":[{"href":"https:\/\/fad.unsa.edu.pe\/administracioncamana\/wp-json\/wp\/v2\/media?parent=1676"}],"curies":[{"name":"wp","href":"https:\/\/api.w.org\/{rel}","templated":true}]}}