{"id":1119,"date":"2017-07-25T15:28:51","date_gmt":"2017-07-25T15:28:51","guid":{"rendered":"http:\/\/www2.unsa.edu.pe\/escuelas\/administracion\/?page_id=1119"},"modified":"2025-10-27T20:22:03","modified_gmt":"2025-10-28T01:22:03","slug":"presentacion","status":"publish","type":"page","link":"https:\/\/fad.unsa.edu.pe\/administracionmollendo\/presentacion\/","title":{"rendered":"Presentaci\u00f3n de la Escuela"},"content":{"rendered":"<p>Bienvenidos estimados estudiantes, felicitaciones a los que se encuentran en el 2do al 5to a\u00f1o, esperamos que, en este periodo lectivo, logren las expectativas que han puesto en su carrera ustedes y sus familias; a los ingresantes, felicitaciones por elegir esta carrera, sus docentes les decimos que no se han equivocado.<\/p>\n<p>El mercado requiere profesionales competentes y competitivos y a ello nos vamos a abocar, a formales a ustedes con el mejor nivel acad\u00e9mico, para ello mejoraremos los procesos acad\u00e9micos de atenci\u00f3n y de ense\u00f1anza, apoyaremos la capacitaci\u00f3n de los docentes y los colaboradores administrativos, as\u00ed tambi\u00e9n promoveremos mejoras en la infraestructura de soporte acad\u00e9mico, esto es evidente, cada semestre les brindamos m\u00e1s comodidades y condiciones para que tengan un mejor desempe\u00f1o en los estudios, la pelota est\u00e1 en su cancha, de ustedes depende ser los mejores.<\/p>\n<p>Por ello, el administrador de nuestra universidad, est\u00e1 adaptado a los cambios tecnol\u00f3gicos con conocimientos cient\u00edficos, capaz de tomar decisiones, con capacidad de liderazgo y gesti\u00f3n empresarial, basado en valores como la honestidad, la integridad, la sensibilidad social, la resiliencia, la capacidad para motivar y comunicarse, la predisposici\u00f3n al autoaprendizaje, la capacidad para hacer frente a las exigencias que el trabajo de hoy pide.<\/p>\n<p>Este a\u00f1o 2025, debemos acreditar la escuela, es un reto que nos permite cumplir con est\u00e1ndares internacionales y un compromiso con la calidad acad\u00e9mica, que una universidad de nuestro prestigio y nivel debe brindar a sus estudiantes y la sociedad; este esfuerzo compromete a todos los miembros de la escuela de administraci\u00f3n, docentes, estudiantes, colaboradores administrativos y tambi\u00e9n a la sociedad en general; cuando te convoquemos a participar esperamos tu apoyo incondicional.<\/p>\n<p>En esa l\u00ednea, este a\u00f1o se llevar\u00e1n adelante talleres complementarios con certificaci\u00f3n oficial y cr\u00e9ditos adicionales para aquellos estudiantes que voluntariamente deseen integrarse, prontamente daremos a conocer los pormenores, queremos darles algo m\u00e1s de lo que esperaban recibir.<\/p>\n<p>La participaci\u00f3n del estudiante en el proceso acad\u00e9mico debe ser activa, seg\u00fan el art. 1.19 del Manual de Funciones para directores de escuela, que dice (SIC): \u201cCoordinar para que cada asignatura tenga un delegado de clases quien tendr\u00e1 la responsabilidad de comunicar a la direcci\u00f3n el cumplimiento del dictado de clases, puntualidad del docente, la marcha del curso y los problemas que se susciten\u201d; cuando les convoquen el compromiso con la calidad est\u00e1 en vuestras manos, asuman la responsabilidad.<\/p>\n<p>Estamos para atenderles por medio del email de la escuela de Administraci\u00f3n y del director de escuela: administracion@unsa.edu.pe &#8211; jdelgadol@unsa.edu.pe.<\/p>\n<p><strong>Dr. Juan Carlos Delgado Lujan<br \/>\nDirector de la Escuela Profesional de Administraci\u00f3n<\/strong><\/p>\n","protected":false},"excerpt":{"rendered":"<p>Bienvenidos estimados estudiantes, felicitaciones a los que se encuentran en el 2do al 5to a\u00f1o, esperamos que, en este periodo lectivo, logren las expectativas que han puesto en su carrera ustedes y sus familias; a los ingresantes, felicitaciones por elegir esta carrera, sus docentes les decimos que no se han equivocado. El mercado requiere profesionales [&hellip;]<\/p>\n","protected":false},"author":1,"featured_media":1441,"parent":0,"menu_order":0,"comment_status":"closed","ping_status":"closed","template":"page-imagen.php","meta":{"_acf_changed":false,"footnotes":""},"class_list":["post-1119","page","type-page","status-publish","has-post-thumbnail","hentry"],"acf":[],"_links":{"self":[{"href":"https:\/\/fad.unsa.edu.pe\/administracionmollendo\/wp-json\/wp\/v2\/pages\/1119","targetHints":{"allow":["GET"]}}],"collection":[{"href":"https:\/\/fad.unsa.edu.pe\/administracionmollendo\/wp-json\/wp\/v2\/pages"}],"about":[{"href":"https:\/\/fad.unsa.edu.pe\/administracionmollendo\/wp-json\/wp\/v2\/types\/page"}],"author":[{"embeddable":true,"href":"https:\/\/fad.unsa.edu.pe\/administracionmollendo\/wp-json\/wp\/v2\/users\/1"}],"replies":[{"embeddable":true,"href":"https:\/\/fad.unsa.edu.pe\/administracionmollendo\/wp-json\/wp\/v2\/comments?post=1119"}],"version-history":[{"count":5,"href":"https:\/\/fad.unsa.edu.pe\/administracionmollendo\/wp-json\/wp\/v2\/pages\/1119\/revisions"}],"predecessor-version":[{"id":1609,"href":"https:\/\/fad.unsa.edu.pe\/administracionmollendo\/wp-json\/wp\/v2\/pages\/1119\/revisions\/1609"}],"wp:featuredmedia":[{"embeddable":true,"href":"https:\/\/fad.unsa.edu.pe\/administracionmollendo\/wp-json\/wp\/v2\/media\/1441"}],"wp:attachment":[{"href":"https:\/\/fad.unsa.edu.pe\/administracionmollendo\/wp-json\/wp\/v2\/media?parent=1119"}],"curies":[{"name":"wp","href":"https:\/\/api.w.org\/{rel}","templated":true}]}}