{"id":1123,"date":"2017-07-25T15:30:41","date_gmt":"2017-07-25T15:30:41","guid":{"rendered":"http:\/\/www2.unsa.edu.pe\/escuelas\/administracion\/?page_id=1123"},"modified":"2025-09-01T15:38:28","modified_gmt":"2025-09-01T20:38:28","slug":"vision-mision","status":"publish","type":"page","link":"https:\/\/fad.unsa.edu.pe\/administracionmollendo\/vision-mision\/","title":{"rendered":"Visi\u00f3n y Misi\u00f3n"},"content":{"rendered":"<h4>VISI\u00d3N<\/h4>\n<p>\u201cLa Escuela Profesional de Administraci\u00f3n ser\u00e1 l\u00edder a nivel nacional en la formaci\u00f3n integral de profesionales con valores universales y andinos de sabidur\u00eda (Yachay), trabajo (Llankay), voluntad (Munay), reciprocidad y solidaridad (Ayni), impulsando la investigaci\u00f3n cient\u00edfica, responsabilidad social y extensi\u00f3n universitaria, para contribuir al desarrollo sostenible de la sociedad\u201d.<\/p>\n<h4>MISI\u00d3N<\/h4>\n<p>\u201cFormamos profesionales competitivos en Administraci\u00f3n, con calidad y valores universales y andinos, para la conducci\u00f3n y desarrollo sostenible de las organizaciones, promoviendo la investigaci\u00f3n, difusi\u00f3n y extensi\u00f3n universitaria, con un sistema acad\u00e9mico de acuerdo con las exigencias del mercad\u201d.<\/p>\n","protected":false},"excerpt":{"rendered":"<p>VISI\u00d3N \u201cLa Escuela Profesional de Administraci\u00f3n ser\u00e1 l\u00edder a nivel nacional en la formaci\u00f3n integral de profesionales con valores universales y andinos de sabidur\u00eda (Yachay), trabajo (Llankay), voluntad (Munay), reciprocidad y solidaridad (Ayni), impulsando la investigaci\u00f3n cient\u00edfica, responsabilidad social y extensi\u00f3n universitaria, para contribuir al desarrollo sostenible de la sociedad\u201d. MISI\u00d3N \u201cFormamos profesionales competitivos en [&hellip;]<\/p>\n","protected":false},"author":1,"featured_media":0,"parent":0,"menu_order":0,"comment_status":"closed","ping_status":"closed","template":"","meta":{"_acf_changed":false,"footnotes":""},"class_list":["post-1123","page","type-page","status-publish","hentry"],"acf":[],"_links":{"self":[{"href":"https:\/\/fad.unsa.edu.pe\/administracionmollendo\/wp-json\/wp\/v2\/pages\/1123","targetHints":{"allow":["GET"]}}],"collection":[{"href":"https:\/\/fad.unsa.edu.pe\/administracionmollendo\/wp-json\/wp\/v2\/pages"}],"about":[{"href":"https:\/\/fad.unsa.edu.pe\/administracionmollendo\/wp-json\/wp\/v2\/types\/page"}],"author":[{"embeddable":true,"href":"https:\/\/fad.unsa.edu.pe\/administracionmollendo\/wp-json\/wp\/v2\/users\/1"}],"replies":[{"embeddable":true,"href":"https:\/\/fad.unsa.edu.pe\/administracionmollendo\/wp-json\/wp\/v2\/comments?post=1123"}],"version-history":[{"count":5,"href":"https:\/\/fad.unsa.edu.pe\/administracionmollendo\/wp-json\/wp\/v2\/pages\/1123\/revisions"}],"predecessor-version":[{"id":1446,"href":"https:\/\/fad.unsa.edu.pe\/administracionmollendo\/wp-json\/wp\/v2\/pages\/1123\/revisions\/1446"}],"wp:attachment":[{"href":"https:\/\/fad.unsa.edu.pe\/administracionmollendo\/wp-json\/wp\/v2\/media?parent=1123"}],"curies":[{"name":"wp","href":"https:\/\/api.w.org\/{rel}","templated":true}]}}