{"id":1217,"date":"2017-07-03T14:27:54","date_gmt":"2017-07-03T14:27:54","guid":{"rendered":"http:\/\/www2.unsa.edu.pe\/escuelas\/administracion\/?page_id=2"},"modified":"2025-09-08T14:49:19","modified_gmt":"2025-09-08T19:49:19","slug":"pagina-ejemplo-2","status":"publish","type":"page","link":"https:\/\/fad.unsa.edu.pe\/administracionpedregal\/pagina-ejemplo-2\/","title":{"rendered":"Personal Docente"},"content":{"rendered":"<p>Personal Docente que presta servicios a la Escuela Profesional:<\/p>\n<table class=\"table table-striped\" cellspacing=\"0\" cellpadding=\"0\">\n<tbody>\n<tr>\n<td>Perea P\u00e9rez, Melquiades Javier<\/td>\n<\/tr>\n<tr>\n<td>Luna Carpio, Juan<\/td>\n<\/tr>\n<tr>\n<td>Hinojosa Amenabar, Lourdes Mirtha<\/td>\n<\/tr>\n<tr>\n<td>Sotelo Guerra, V\u00edctor El\u00edas<\/td>\n<\/tr>\n<tr>\n<td>Miranda Vargas, Luis Alberto<\/td>\n<\/tr>\n<tr>\n<td>Esquivel Gonzales, Oscar Primo<\/td>\n<\/tr>\n<tr>\n<td>Bravo Chac\u00f3n, Mario Antonio<\/td>\n<\/tr>\n<tr>\n<td>Delgado Luj\u00e1n, Juan Carlos<\/td>\n<\/tr>\n<tr>\n<td>Zeballos Delgado, Giovani Geraldo<\/td>\n<\/tr>\n<tr>\n<td>Garc\u00eda Vargas, Tom\u00e1s Teodoro<\/td>\n<\/tr>\n<tr>\n<td>Pel\u00e1ez Revilla, Giovanni Esteban<\/td>\n<\/tr>\n<tr>\n<td>Aspiazu Bruna, Luis Arturo<\/td>\n<\/tr>\n<tr>\n<td>Valverde Valverde, Wilber Duilio<\/td>\n<\/tr>\n<tr>\n<td>Rodr\u00edguez Corrales, Jos\u00e9 V\u00edctor<\/td>\n<\/tr>\n<tr>\n<td>Valc\u00e1rcel Vera, Jerdie Salom\u00f3n<\/td>\n<\/tr>\n<tr>\n<td>Garc\u00eda Tejada, Yuri Edwing Ren\u00e9<\/td>\n<\/tr>\n<tr>\n<td>Neira Ponce, Elsa Emma<\/td>\n<\/tr>\n<tr>\n<td>Salinas Gainza, Freddy Ra\u00fal<\/td>\n<\/tr>\n<tr>\n<td>Bedoya Salas, Jarry Antonio<\/td>\n<\/tr>\n<tr>\n<td>Martinez M\u00e1laga, Renato<\/td>\n<\/tr>\n<tr>\n<td>De la Gala Vel\u00e1squez, Bernardo Ram\u00f3n Dante<\/td>\n<\/tr>\n<tr>\n<td>Linares Bernedo, Jos\u00e9 Carlos \u00c1ngel<\/td>\n<\/tr>\n<tr>\n<td>Rivera Ch\u00e1vez, Claudia Patricia<\/td>\n<\/tr>\n<tr>\n<td>Ch\u00e1vez Manrique Jes\u00fas Neptali Modesto<\/td>\n<\/tr>\n<tr>\n<td>Midolo Ramos, Wilfredo Rom\u00e1n<\/td>\n<\/tr>\n<tr>\n<td>Fern\u00e1ndez Delgado, Bryan Gabriel<\/td>\n<\/tr>\n<tr>\n<td>N\u00fa\u00f1ez Baca, Jorge<\/td>\n<\/tr>\n<tr>\n<td>Tantale\u00e1n V\u00e1squez, Francisco Javier<\/td>\n<\/tr>\n<tr>\n<td>Vargas Vizcarra, Miller Edgard<\/td>\n<\/tr>\n<tr>\n<td>Mart\u00ednez Concha, C\u00e9sar Augusto<\/td>\n<\/tr>\n<tr>\n<td>Zirena Bejarano, Patricia Pilar<\/td>\n<\/tr>\n<tr>\n<td>Garc\u00eda Tejada, Gino F\u00e9lix<\/td>\n<\/tr>\n<tr>\n<td>Rivera V\u00e1squez, Jorge Aurelio<\/td>\n<\/tr>\n<tr>\n<td>Ticona Apaza, Fiorela Candy<\/td>\n<\/tr>\n<tr>\n<td>Hurtado Palomino, Am\u00e9rico<\/td>\n<\/tr>\n<tr>\n<td>Rojas Nina, Jorge Eloy<\/td>\n<\/tr>\n<tr>\n<td>Medina G\u00e1mez, Kristhian Pattrik<\/td>\n<\/tr>\n<tr>\n<td>Morales Charca, Jos\u00e9 Luis<\/td>\n<\/tr>\n<tr>\n<td>Ayala Coch\u00f3n, Francisco Fredy<\/td>\n<\/tr>\n<tr>\n<td>Cuba Pacheco, Luz Gabriela<\/td>\n<\/tr>\n<tr>\n<td>Velazco Gonzales, Alfredo Ruitval<\/td>\n<\/tr>\n<tr>\n<td>Moscoso Caro, Christian Karlos<\/td>\n<\/tr>\n<tr>\n<td>Berrios Mojorovich, Jorge Gonzalo<\/td>\n<\/tr>\n<tr>\n<td>Flores Lovera, Guillermo Alejandro<\/td>\n<\/tr>\n<\/tbody>\n<\/table>\n","protected":false},"excerpt":{"rendered":"<p>Personal Docente que presta servicios a la Escuela Profesional: Perea P\u00e9rez, Melquiades Javier Luna Carpio, Juan Hinojosa Amenabar, Lourdes Mirtha Sotelo Guerra, V\u00edctor El\u00edas Miranda Vargas, Luis Alberto Esquivel Gonzales, Oscar Primo Bravo Chac\u00f3n, Mario Antonio Delgado Luj\u00e1n, Juan Carlos Zeballos Delgado, Giovani Geraldo Garc\u00eda Vargas, Tom\u00e1s Teodoro Pel\u00e1ez Revilla, Giovanni Esteban Aspiazu Bruna, Luis [&hellip;]<\/p>\n","protected":false},"author":1,"featured_media":0,"parent":0,"menu_order":0,"comment_status":"closed","ping_status":"open","template":"","meta":{"_acf_changed":false,"footnotes":""},"class_list":["post-1217","page","type-page","status-publish","hentry"],"acf":[],"_links":{"self":[{"href":"https:\/\/fad.unsa.edu.pe\/administracionpedregal\/wp-json\/wp\/v2\/pages\/1217","targetHints":{"allow":["GET"]}}],"collection":[{"href":"https:\/\/fad.unsa.edu.pe\/administracionpedregal\/wp-json\/wp\/v2\/pages"}],"about":[{"href":"https:\/\/fad.unsa.edu.pe\/administracionpedregal\/wp-json\/wp\/v2\/types\/page"}],"author":[{"embeddable":true,"href":"https:\/\/fad.unsa.edu.pe\/administracionpedregal\/wp-json\/wp\/v2\/users\/1"}],"replies":[{"embeddable":true,"href":"https:\/\/fad.unsa.edu.pe\/administracionpedregal\/wp-json\/wp\/v2\/comments?post=1217"}],"version-history":[{"count":8,"href":"https:\/\/fad.unsa.edu.pe\/administracionpedregal\/wp-json\/wp\/v2\/pages\/1217\/revisions"}],"predecessor-version":[{"id":1470,"href":"https:\/\/fad.unsa.edu.pe\/administracionpedregal\/wp-json\/wp\/v2\/pages\/1217\/revisions\/1470"}],"wp:attachment":[{"href":"https:\/\/fad.unsa.edu.pe\/administracionpedregal\/wp-json\/wp\/v2\/media?parent=1217"}],"curies":[{"name":"wp","href":"https:\/\/api.w.org\/{rel}","templated":true}]}}