{"id":1069,"date":"2017-07-06T18:29:16","date_gmt":"2017-07-06T18:29:16","guid":{"rendered":"http:\/\/www2.unsa.edu.pe\/escuelas\/gestion\/?page_id=1069"},"modified":"2018-07-03T16:50:06","modified_gmt":"2018-07-03T21:50:06","slug":"presentacion","status":"publish","type":"page","link":"https:\/\/fad.unsa.edu.pe\/gestion\/presentacion\/","title":{"rendered":"Presentaci\u00f3n de la Escuela"},"content":{"rendered":"<p>La Escuela Profesional de Gesti\u00f3n forma profesionales l\u00edderes en Gesti\u00f3n y cuenta con tres menciones: Gesti\u00f3n Empresarial, Gesti\u00f3n P\u00fablica y Gesti\u00f3n de Proyectos de Inversi\u00f3n.<\/p>\n<p>Nuestros estudiantes desarrollan competencias \u00edntimamente relacionadas con los resultados, tanto en la creaci\u00f3n de empresas o para laborar en las empresas e instituciones p\u00fablico y privadas, Se caracterizan porque toma conciencia de las necesidades de cambio, utiliza la planificaci\u00f3n estrat\u00e9gica para definir la estrategia a seguir, el gestor tiene iniciativa y creatividad al plantear mejora en la resoluci\u00f3n de problemas, ejerce liderazgo y gu\u00eda la ejecuci\u00f3n, utiliza la innovaci\u00f3n en la ejecuci\u00f3n se establecen resultados reales en la mejora de los procedimientos y productos (bienes o servicios), se concentra en la calidad y servicio de estos productos y busca la satisfacci\u00f3n del cliente en el corto, mediano y largo plazo.<\/p>\n<p>Su formaci\u00f3n se distingue en la adaptaci\u00f3n de los conocimientos, las habilidades e instrumentos multidisciplinarios a las circunstancias de una organizaci\u00f3n, sea para la innovaci\u00f3n de los proceso de producci\u00f3n o para el ejercicio de las competencias que garantizan liderazgos responsables y la obtenci\u00f3n de mejores resultados.<\/p>\n","protected":false},"excerpt":{"rendered":"<p>La Escuela Profesional de Gesti\u00f3n forma profesionales l\u00edderes en Gesti\u00f3n y cuenta con tres menciones: Gesti\u00f3n Empresarial, Gesti\u00f3n P\u00fablica y Gesti\u00f3n de Proyectos de Inversi\u00f3n. Nuestros estudiantes desarrollan competencias \u00edntimamente relacionadas con los resultados, tanto en la creaci\u00f3n de empresas o para laborar en las empresas e instituciones p\u00fablico y privadas, Se caracterizan porque toma [&hellip;]<\/p>\n","protected":false},"author":1,"featured_media":1521,"parent":0,"menu_order":0,"comment_status":"closed","ping_status":"closed","template":"","meta":{"_acf_changed":false,"footnotes":""},"class_list":["post-1069","page","type-page","status-publish","has-post-thumbnail","hentry"],"acf":[],"_links":{"self":[{"href":"https:\/\/fad.unsa.edu.pe\/gestion\/wp-json\/wp\/v2\/pages\/1069","targetHints":{"allow":["GET"]}}],"collection":[{"href":"https:\/\/fad.unsa.edu.pe\/gestion\/wp-json\/wp\/v2\/pages"}],"about":[{"href":"https:\/\/fad.unsa.edu.pe\/gestion\/wp-json\/wp\/v2\/types\/page"}],"author":[{"embeddable":true,"href":"https:\/\/fad.unsa.edu.pe\/gestion\/wp-json\/wp\/v2\/users\/1"}],"replies":[{"embeddable":true,"href":"https:\/\/fad.unsa.edu.pe\/gestion\/wp-json\/wp\/v2\/comments?post=1069"}],"version-history":[{"count":3,"href":"https:\/\/fad.unsa.edu.pe\/gestion\/wp-json\/wp\/v2\/pages\/1069\/revisions"}],"predecessor-version":[{"id":1548,"href":"https:\/\/fad.unsa.edu.pe\/gestion\/wp-json\/wp\/v2\/pages\/1069\/revisions\/1548"}],"wp:featuredmedia":[{"embeddable":true,"href":"https:\/\/fad.unsa.edu.pe\/gestion\/wp-json\/wp\/v2\/media\/1521"}],"wp:attachment":[{"href":"https:\/\/fad.unsa.edu.pe\/gestion\/wp-json\/wp\/v2\/media?parent=1069"}],"curies":[{"name":"wp","href":"https:\/\/api.w.org\/{rel}","templated":true}]}}