{"id":1071,"date":"2017-07-06T18:29:39","date_gmt":"2017-07-06T18:29:39","guid":{"rendered":"http:\/\/www2.unsa.edu.pe\/escuelas\/gestion\/?page_id=1071"},"modified":"2019-06-03T09:26:32","modified_gmt":"2019-06-03T14:26:32","slug":"resena-historica","status":"publish","type":"page","link":"https:\/\/fad.unsa.edu.pe\/gestion\/resena-historica\/","title":{"rendered":"Rese\u00f1a Hist\u00f3rica"},"content":{"rendered":"<p>La Escuela Profesional de Gesti\u00f3n de la Facultad de Administraci\u00f3n, fue creada el 3 de marzo del 2008 con resoluci\u00f3n de Consejo Universitario Nro. 084-2008, como una nueva alternativa de formaci\u00f3n acorde con la tendencia de las necesidades profesionales del mundo empresarial y gubernamental al igual que las grandes universidades de Latinoam\u00e9rica y el mundo.<\/p>\n<p>Tuvo sus or\u00edgenes en el Programa de Complementaci\u00f3n Acad\u00e9mica en Gesti\u00f3n de la antigua Facultad de Ciencias Contables, Administrativas y Actuariales que luego de desdoblarse en dos Facultades nuevas seg\u00fan Resoluci\u00f3n de Asamblea Universitaria N\u00ba 002-2008 del 24 de marzo del 2008: la Facultad de Administraci\u00f3n y la Facultad de Ciencias Contables y Financieras, la Facultad de Administraci\u00f3n nac\u00eda con tres Escuelas Profesionales vanguardistas del mundo empresarial: la Escuela Profesional de Administraci\u00f3n, la Escuela Profesional de Banca y Seguros y la Escuela Profesional de Marketing, posteriormente el 3 de abril del mismo a\u00f1o se crea la Escuela Profesional de Gesti\u00f3n con Plan de Estudios 2008, luego el 19 de setiembre del 2011 con Resoluci\u00f3n de Consejo Universitario N\u00ba 367-2011 se modifica el Plan de Estudios 2010 de la Escuela Profesional en Gesti\u00f3n con las menciones: Gesti\u00f3n P\u00fablica, Gesti\u00f3n de Empresas y Gesti\u00f3n de Proyectos.<\/p>\n<p>Desde el 2008 la Escuela ha convocado a proceso de admisi\u00f3n todos los a\u00f1os en la ciudad de Arequipa para estudiantes de examen ordinario, el Programa de Complementaci\u00f3n Acad\u00e9mica en Gesti\u00f3n de la Escuela de Gesti\u00f3n ha convocado los a\u00f1os 2009, 2010, 2012, 2013 en las ciudades de Arequipa, Lima, Trujillo, Tarapoto, Yurimaguas, Tacna<\/p>\n","protected":false},"excerpt":{"rendered":"<p>La Escuela Profesional de Gesti\u00f3n de la Facultad de Administraci\u00f3n, fue creada el 3 de marzo del 2008 con resoluci\u00f3n de Consejo Universitario Nro. 084-2008, como una nueva alternativa de formaci\u00f3n acorde con la tendencia de las necesidades profesionales del mundo empresarial y gubernamental al igual que las grandes universidades de Latinoam\u00e9rica y el mundo. [&hellip;]<\/p>\n","protected":false},"author":1,"featured_media":1223,"parent":0,"menu_order":0,"comment_status":"closed","ping_status":"closed","template":"page-imagen.php","meta":{"_acf_changed":false,"footnotes":""},"class_list":["post-1071","page","type-page","status-publish","has-post-thumbnail","hentry"],"acf":[],"_links":{"self":[{"href":"https:\/\/fad.unsa.edu.pe\/gestion\/wp-json\/wp\/v2\/pages\/1071","targetHints":{"allow":["GET"]}}],"collection":[{"href":"https:\/\/fad.unsa.edu.pe\/gestion\/wp-json\/wp\/v2\/pages"}],"about":[{"href":"https:\/\/fad.unsa.edu.pe\/gestion\/wp-json\/wp\/v2\/types\/page"}],"author":[{"embeddable":true,"href":"https:\/\/fad.unsa.edu.pe\/gestion\/wp-json\/wp\/v2\/users\/1"}],"replies":[{"embeddable":true,"href":"https:\/\/fad.unsa.edu.pe\/gestion\/wp-json\/wp\/v2\/comments?post=1071"}],"version-history":[{"count":8,"href":"https:\/\/fad.unsa.edu.pe\/gestion\/wp-json\/wp\/v2\/pages\/1071\/revisions"}],"predecessor-version":[{"id":1633,"href":"https:\/\/fad.unsa.edu.pe\/gestion\/wp-json\/wp\/v2\/pages\/1071\/revisions\/1633"}],"wp:featuredmedia":[{"embeddable":true,"href":"https:\/\/fad.unsa.edu.pe\/gestion\/wp-json\/wp\/v2\/media\/1223"}],"wp:attachment":[{"href":"https:\/\/fad.unsa.edu.pe\/gestion\/wp-json\/wp\/v2\/media?parent=1071"}],"curies":[{"name":"wp","href":"https:\/\/api.w.org\/{rel}","templated":true}]}}