{"id":1075,"date":"2017-07-06T18:31:49","date_gmt":"2017-07-06T18:31:49","guid":{"rendered":"http:\/\/www2.unsa.edu.pe\/escuelas\/gestion\/?page_id=1075"},"modified":"2018-06-26T11:41:06","modified_gmt":"2018-06-26T16:41:06","slug":"objetivos-academicos","status":"publish","type":"page","link":"https:\/\/fad.unsa.edu.pe\/gestion\/objetivos-academicos\/","title":{"rendered":"Objetivos Acad\u00e9micos"},"content":{"rendered":"<ol>\n<li>Formar profesionales que se desenvuelvan como l\u00edderes creativos e innovadores capaces de crear empresa o logren convertirse en agentes de cambio y transformaci\u00f3n de las empresas p\u00fablico y privadas.1. Formar profesionales que se desenvuelvan como l\u00edderes creativos e innovadores capaces de crear empresa o logren convertirse en agentes de cambio y transformaci\u00f3n de las empresas p\u00fablico y privadas.<\/li>\n<li>Cultivar valores y habilidades en nuestros alumnos para promover competencias con conocimiento acorde con el momento presente y futuro que demanden las organizaciones y la sociedad del campo empresarial e institucional de la regi\u00f3n y del pa\u00eds.<\/li>\n<li>Contribuir a la formaci\u00f3n de funcionarios y servidores p\u00fablicos, orientados a una gesti\u00f3n por resultados capaces de promover el cambio en las empresas e instituciones p\u00fablicas en el manejo eficiente de los recursos y la obtenci\u00f3n de resultados tangibles.<\/li>\n<li>Formar profesionales para la administraci\u00f3n p\u00fablica altamente competitivos e innovadores con responsabilidad ante la sociedad y la legislaci\u00f3n vigente, con valores y \u00e9tica en bienestar y calidad de vida del ciudadano o poblador, respetando las redes interinstitucionales, comprometidos con la modernizaci\u00f3n del aparato estatal.<\/li>\n<li>Formar profesionales orientados a formular, evaluar y gestionar proyectos de inversi\u00f3n por medio de nuevos conocimientos y uso de herramientas \u00a0de tecnolog\u00edas inform\u00e1ticas y de informaci\u00f3n para promover las inversiones tanto p\u00fablico como privadas y ser agentes de cambio capaces de innovar para incrementar la producci\u00f3n, los servicios y obras que beneficien a las empresas e instituciones del sector p\u00fablico como privado.<\/li>\n<li>Fomentar la investigaci\u00f3n para la gesti\u00f3n que contribuya con el desarrollo regional que promuevan espacios de participaci\u00f3n interdisciplinaria para resolver problemas, teniendo en mente el compromiso con la sociedad y el pa\u00eds.<\/li>\n<\/ol>\n","protected":false},"excerpt":{"rendered":"<p>Formar profesionales que se desenvuelvan como l\u00edderes creativos e innovadores capaces de crear empresa o logren convertirse en agentes de cambio y transformaci\u00f3n de las empresas p\u00fablico y privadas.1. Formar profesionales que se desenvuelvan como l\u00edderes creativos e innovadores capaces de crear empresa o logren convertirse en agentes de cambio y transformaci\u00f3n de las empresas [&hellip;]<\/p>\n","protected":false},"author":1,"featured_media":1525,"parent":0,"menu_order":0,"comment_status":"closed","ping_status":"closed","template":"page-imagen.php","meta":{"_acf_changed":false,"footnotes":""},"class_list":["post-1075","page","type-page","status-publish","has-post-thumbnail","hentry"],"acf":[],"_links":{"self":[{"href":"https:\/\/fad.unsa.edu.pe\/gestion\/wp-json\/wp\/v2\/pages\/1075","targetHints":{"allow":["GET"]}}],"collection":[{"href":"https:\/\/fad.unsa.edu.pe\/gestion\/wp-json\/wp\/v2\/pages"}],"about":[{"href":"https:\/\/fad.unsa.edu.pe\/gestion\/wp-json\/wp\/v2\/types\/page"}],"author":[{"embeddable":true,"href":"https:\/\/fad.unsa.edu.pe\/gestion\/wp-json\/wp\/v2\/users\/1"}],"replies":[{"embeddable":true,"href":"https:\/\/fad.unsa.edu.pe\/gestion\/wp-json\/wp\/v2\/comments?post=1075"}],"version-history":[{"count":1,"href":"https:\/\/fad.unsa.edu.pe\/gestion\/wp-json\/wp\/v2\/pages\/1075\/revisions"}],"predecessor-version":[{"id":1523,"href":"https:\/\/fad.unsa.edu.pe\/gestion\/wp-json\/wp\/v2\/pages\/1075\/revisions\/1523"}],"wp:featuredmedia":[{"embeddable":true,"href":"https:\/\/fad.unsa.edu.pe\/gestion\/wp-json\/wp\/v2\/media\/1525"}],"wp:attachment":[{"href":"https:\/\/fad.unsa.edu.pe\/gestion\/wp-json\/wp\/v2\/media?parent=1075"}],"curies":[{"name":"wp","href":"https:\/\/api.w.org\/{rel}","templated":true}]}}