{"id":1091,"date":"2017-07-06T19:22:57","date_gmt":"2017-07-06T19:22:57","guid":{"rendered":"http:\/\/www2.unsa.edu.pe\/escuelas\/gestion\/?page_id=1091"},"modified":"2019-06-03T09:33:52","modified_gmt":"2019-06-03T14:33:52","slug":"perfil-del-egresado-de-gestion-con-mencion-en-gestion-publica","status":"publish","type":"page","link":"https:\/\/fad.unsa.edu.pe\/gestion\/perfil-del-egresado-de-gestion-con-mencion-en-gestion-publica\/","title":{"rendered":"Perfil del Egresado de Gesti\u00f3n con Menci\u00f3n en Gesti\u00f3n P\u00fablica"},"content":{"rendered":"<p>Es un profesional con competencias dise\u00f1adas para la gesti\u00f3n en empresas e instituciones del Estado. Promueve y practica servicio y b\u00fasqueda del bien com\u00fan y la calidad de vida del ciudadano, experto en gesti\u00f3n por resultados y aplica el dise\u00f1o de procesos concordantes con la legislaci\u00f3n p\u00fablica vigente. Facilita la interpretaci\u00f3n de decisiones pol\u00edticas y modernidad del estado, ejerce influencia en el \u00e1mbito del poder y decide respecto del uso de los recursos con probidad y transparencia, actuando pertinentemente en escenarios diversos para solucionar as\u00ed problemas complejos con actitud cr\u00edtica y reflexiva. Es conocedor de los sistemas administrativos de gesti\u00f3n y puede gerenciar y resolver problemas orientados por valores \u00e9ticos y morales.<\/p>\n","protected":false},"excerpt":{"rendered":"<p>Es un profesional con competencias dise\u00f1adas para la gesti\u00f3n en empresas e instituciones del Estado. Promueve y practica servicio y b\u00fasqueda del bien com\u00fan y la calidad de vida del ciudadano, experto en gesti\u00f3n por resultados y aplica el dise\u00f1o de procesos concordantes con la legislaci\u00f3n p\u00fablica vigente. Facilita la interpretaci\u00f3n de decisiones pol\u00edticas y [&hellip;]<\/p>\n","protected":false},"author":1,"featured_media":1526,"parent":0,"menu_order":0,"comment_status":"closed","ping_status":"closed","template":"","meta":{"_acf_changed":false,"footnotes":""},"class_list":["post-1091","page","type-page","status-publish","has-post-thumbnail","hentry"],"acf":[],"_links":{"self":[{"href":"https:\/\/fad.unsa.edu.pe\/gestion\/wp-json\/wp\/v2\/pages\/1091","targetHints":{"allow":["GET"]}}],"collection":[{"href":"https:\/\/fad.unsa.edu.pe\/gestion\/wp-json\/wp\/v2\/pages"}],"about":[{"href":"https:\/\/fad.unsa.edu.pe\/gestion\/wp-json\/wp\/v2\/types\/page"}],"author":[{"embeddable":true,"href":"https:\/\/fad.unsa.edu.pe\/gestion\/wp-json\/wp\/v2\/users\/1"}],"replies":[{"embeddable":true,"href":"https:\/\/fad.unsa.edu.pe\/gestion\/wp-json\/wp\/v2\/comments?post=1091"}],"version-history":[{"count":3,"href":"https:\/\/fad.unsa.edu.pe\/gestion\/wp-json\/wp\/v2\/pages\/1091\/revisions"}],"predecessor-version":[{"id":1619,"href":"https:\/\/fad.unsa.edu.pe\/gestion\/wp-json\/wp\/v2\/pages\/1091\/revisions\/1619"}],"wp:featuredmedia":[{"embeddable":true,"href":"https:\/\/fad.unsa.edu.pe\/gestion\/wp-json\/wp\/v2\/media\/1526"}],"wp:attachment":[{"href":"https:\/\/fad.unsa.edu.pe\/gestion\/wp-json\/wp\/v2\/media?parent=1091"}],"curies":[{"name":"wp","href":"https:\/\/api.w.org\/{rel}","templated":true}]}}