{"id":1097,"date":"2017-07-06T19:28:00","date_gmt":"2017-07-06T19:28:00","guid":{"rendered":"http:\/\/www2.unsa.edu.pe\/escuelas\/gestion\/?page_id=1097"},"modified":"2018-06-26T12:14:43","modified_gmt":"2018-06-26T17:14:43","slug":"campo-ocupacional","status":"publish","type":"page","link":"https:\/\/fad.unsa.edu.pe\/gestion\/campo-ocupacional\/","title":{"rendered":"Campo Ocupacional"},"content":{"rendered":"<p>Las funciones de un profesional en Gesti\u00f3n por sus competencias para planificar, decidir, ejecutar y evaluar las metas de una organizaci\u00f3n son asequibles a cualquier organizaci\u00f3n p\u00fablico o privada. Adem\u00e1s entiende y gestiona factores del contexto al interior y fuera de la organizaci\u00f3n con el objeto de tomar decisiones con an\u00e1lisis cr\u00edtico, s\u00f3lidos valores y con la amplitud necesaria para resolver problemas. Los egresados de la Escuela Profesional de Gesti\u00f3n \u2013 Universidad Nacional de San Agust\u00edn a trav\u00e9s de la Facultad de Administraci\u00f3n, ocupan puestos en los m\u00e1s importantes grupos inversores y empresas de servicios y de consumo masivo, tanto en empresas p\u00fablicas como privadas. Podemos encontrar algunos egresados destacados en el \u00e1rea de finanzas en la banca privada, aunque la mayor\u00eda se viene desarrollando en \u00e1reas comerciales, en marketing, relaciones labores y en la gesti\u00f3n de recursos humanos de las organizaciones empresariales que m\u00e1s han crecido en los \u00faltimos a\u00f1os. En el sector p\u00fablico se han incorporado en los gobiernos locales y servicios p\u00fablicos m\u00e1s relevantes y de mayor ejecuci\u00f3n del presupuesto estatal, as\u00ed como en las diversas gerencias regionales, tales como educaci\u00f3n, transportes, salud, etc.<\/p>\n<p>OPORTUNIDADES DE EMPLEABILIDAD DE NUESTROS EGRESADOS<\/p>\n<p>Los profesionales en gesti\u00f3n pueden laborar en todas las organizaciones p\u00fablicas o empresas privadas:<\/p>\n<p>SECTOR PRIVADO<\/p>\n<ul>\n<li>Sector primario\u00a0Empresas e instituciones extractivas y pueden ser: agr\u00edcolas, pesqueras, petroleras, mineras, etc.<\/li>\n<li>Sector secundario Empresas e instituciones de transformaci\u00f3n y pueden ser: industrias o constructoras<\/li>\n<li>Sector terciario Empresas e instituciones de servicios: salud, educaci\u00f3n, transporte, comunicaciones, turismo, etc.<\/li>\n<\/ul>\n<p>SECTOR P\u00daBLICO<\/p>\n<ul>\n<li>Todas las empresas e instituciones del Sector P\u00fablico de la Administraci\u00f3n Central, Ministerios, del Gobierno Regional o del Gobierno Local.<\/li>\n<\/ul>\n","protected":false},"excerpt":{"rendered":"<p>Las funciones de un profesional en Gesti\u00f3n por sus competencias para planificar, decidir, ejecutar y evaluar las metas de una organizaci\u00f3n son asequibles a cualquier organizaci\u00f3n p\u00fablico o privada. Adem\u00e1s entiende y gestiona factores del contexto al interior y fuera de la organizaci\u00f3n con el objeto de tomar decisiones con an\u00e1lisis cr\u00edtico, s\u00f3lidos valores y [&hellip;]<\/p>\n","protected":false},"author":1,"featured_media":1527,"parent":0,"menu_order":0,"comment_status":"closed","ping_status":"closed","template":"page-imagen.php","meta":{"_acf_changed":false,"footnotes":""},"class_list":["post-1097","page","type-page","status-publish","has-post-thumbnail","hentry"],"acf":[],"_links":{"self":[{"href":"https:\/\/fad.unsa.edu.pe\/gestion\/wp-json\/wp\/v2\/pages\/1097","targetHints":{"allow":["GET"]}}],"collection":[{"href":"https:\/\/fad.unsa.edu.pe\/gestion\/wp-json\/wp\/v2\/pages"}],"about":[{"href":"https:\/\/fad.unsa.edu.pe\/gestion\/wp-json\/wp\/v2\/types\/page"}],"author":[{"embeddable":true,"href":"https:\/\/fad.unsa.edu.pe\/gestion\/wp-json\/wp\/v2\/users\/1"}],"replies":[{"embeddable":true,"href":"https:\/\/fad.unsa.edu.pe\/gestion\/wp-json\/wp\/v2\/comments?post=1097"}],"version-history":[{"count":2,"href":"https:\/\/fad.unsa.edu.pe\/gestion\/wp-json\/wp\/v2\/pages\/1097\/revisions"}],"predecessor-version":[{"id":1529,"href":"https:\/\/fad.unsa.edu.pe\/gestion\/wp-json\/wp\/v2\/pages\/1097\/revisions\/1529"}],"wp:featuredmedia":[{"embeddable":true,"href":"https:\/\/fad.unsa.edu.pe\/gestion\/wp-json\/wp\/v2\/media\/1527"}],"wp:attachment":[{"href":"https:\/\/fad.unsa.edu.pe\/gestion\/wp-json\/wp\/v2\/media?parent=1097"}],"curies":[{"name":"wp","href":"https:\/\/api.w.org\/{rel}","templated":true}]}}