{"id":1131,"date":"2017-07-07T14:22:22","date_gmt":"2017-07-07T14:22:22","guid":{"rendered":"http:\/\/www2.unsa.edu.pe\/escuelas\/gestion\/?page_id=1131"},"modified":"2018-07-03T16:06:21","modified_gmt":"2018-07-03T21:06:21","slug":"bachiller-en-gestion","status":"publish","type":"page","link":"https:\/\/fad.unsa.edu.pe\/gestion\/bachiller-en-gestion\/","title":{"rendered":"Bachiller en Gesti\u00f3n"},"content":{"rendered":"<p>Con menci\u00f3n en:<\/p>\n<ul>\n<li>Gesti\u00f3n P\u00fablica<\/li>\n<li>Gesti\u00f3n de Empresas<\/li>\n<li>Gesti\u00f3n de Proyectos<\/li>\n<\/ul>\n","protected":false},"excerpt":{"rendered":"<p>Con menci\u00f3n en: Gesti\u00f3n P\u00fablica Gesti\u00f3n de Empresas Gesti\u00f3n de Proyectos<\/p>\n","protected":false},"author":1,"featured_media":0,"parent":0,"menu_order":0,"comment_status":"closed","ping_status":"closed","template":"","meta":{"_acf_changed":false,"footnotes":""},"class_list":["post-1131","page","type-page","status-publish","hentry"],"acf":[],"_links":{"self":[{"href":"https:\/\/fad.unsa.edu.pe\/gestion\/wp-json\/wp\/v2\/pages\/1131","targetHints":{"allow":["GET"]}}],"collection":[{"href":"https:\/\/fad.unsa.edu.pe\/gestion\/wp-json\/wp\/v2\/pages"}],"about":[{"href":"https:\/\/fad.unsa.edu.pe\/gestion\/wp-json\/wp\/v2\/types\/page"}],"author":[{"embeddable":true,"href":"https:\/\/fad.unsa.edu.pe\/gestion\/wp-json\/wp\/v2\/users\/1"}],"replies":[{"embeddable":true,"href":"https:\/\/fad.unsa.edu.pe\/gestion\/wp-json\/wp\/v2\/comments?post=1131"}],"version-history":[{"count":1,"href":"https:\/\/fad.unsa.edu.pe\/gestion\/wp-json\/wp\/v2\/pages\/1131\/revisions"}],"predecessor-version":[{"id":1544,"href":"https:\/\/fad.unsa.edu.pe\/gestion\/wp-json\/wp\/v2\/pages\/1131\/revisions\/1544"}],"wp:attachment":[{"href":"https:\/\/fad.unsa.edu.pe\/gestion\/wp-json\/wp\/v2\/media?parent=1131"}],"curies":[{"name":"wp","href":"https:\/\/api.w.org\/{rel}","templated":true}]}}