{"id":1670,"date":"2019-09-16T20:40:20","date_gmt":"2019-09-17T01:40:20","guid":{"rendered":"https:\/\/fad.unsa.edu.pe\/gestion\/?page_id=1670"},"modified":"2019-09-16T20:49:38","modified_gmt":"2019-09-17T01:49:38","slug":"buzon-de-sugerencias","status":"publish","type":"page","link":"https:\/\/fad.unsa.edu.pe\/gestion\/buzon-de-sugerencias\/","title":{"rendered":"Buz\u00f3n de sugerencias"},"content":{"rendered":"<p>Ay\u00fadanos a mejorar nuestro servicio, d\u00e9janos tu sugerencia:<\/p>\n<p><a href=\"https:\/\/docs.google.com\/forms\/d\/e\/1FAIpQLSeF0feM-czpxhIu21NoN70Y5_C2ed-glAwMJBHEw3hyp-w2Fw\/viewform?usp=sf_link\">https:\/\/docs.google.com\/forms\/d\/e\/1FAIpQLSeF0feM-czpxhIu21NoN70Y5_C2ed-glAwMJBHEw3hyp-w2Fw\/viewform?usp=sf_link<\/a><\/p>\n<p>&nbsp;<\/p>\n","protected":false},"excerpt":{"rendered":"<p>Ay\u00fadanos a mejorar nuestro servicio, d\u00e9janos tu sugerencia: https:\/\/docs.google.com\/forms\/d\/e\/1FAIpQLSeF0feM-czpxhIu21NoN70Y5_C2ed-glAwMJBHEw3hyp-w2Fw\/viewform?usp=sf_link &nbsp;<\/p>\n","protected":false},"author":2,"featured_media":0,"parent":0,"menu_order":0,"comment_status":"closed","ping_status":"closed","template":"","meta":{"_acf_changed":false,"footnotes":""},"class_list":["post-1670","page","type-page","status-publish","hentry"],"acf":[],"_links":{"self":[{"href":"https:\/\/fad.unsa.edu.pe\/gestion\/wp-json\/wp\/v2\/pages\/1670","targetHints":{"allow":["GET"]}}],"collection":[{"href":"https:\/\/fad.unsa.edu.pe\/gestion\/wp-json\/wp\/v2\/pages"}],"about":[{"href":"https:\/\/fad.unsa.edu.pe\/gestion\/wp-json\/wp\/v2\/types\/page"}],"author":[{"embeddable":true,"href":"https:\/\/fad.unsa.edu.pe\/gestion\/wp-json\/wp\/v2\/users\/2"}],"replies":[{"embeddable":true,"href":"https:\/\/fad.unsa.edu.pe\/gestion\/wp-json\/wp\/v2\/comments?post=1670"}],"version-history":[{"count":3,"href":"https:\/\/fad.unsa.edu.pe\/gestion\/wp-json\/wp\/v2\/pages\/1670\/revisions"}],"predecessor-version":[{"id":1676,"href":"https:\/\/fad.unsa.edu.pe\/gestion\/wp-json\/wp\/v2\/pages\/1670\/revisions\/1676"}],"wp:attachment":[{"href":"https:\/\/fad.unsa.edu.pe\/gestion\/wp-json\/wp\/v2\/media?parent=1670"}],"curies":[{"name":"wp","href":"https:\/\/api.w.org\/{rel}","templated":true}]}}