{"id":1770,"date":"2019-12-09T09:24:10","date_gmt":"2019-12-09T14:24:10","guid":{"rendered":"https:\/\/fad.unsa.edu.pe\/gestion\/?page_id=1770"},"modified":"2019-12-09T09:41:20","modified_gmt":"2019-12-09T14:41:20","slug":"sistema-de-gestion-de-calidad","status":"publish","type":"page","link":"https:\/\/fad.unsa.edu.pe\/gestion\/sistema-de-gestion-de-calidad\/","title":{"rendered":"Sistema de Gesti\u00f3n de la Calidad"},"content":{"rendered":"<h3>POL\u00cdTICA DEL SISTEMA DE GESTI\u00d3N DE CALIDAD<\/h3>\n<p>La pol\u00edtica de calidad de la Escuela Profesional de Gesti\u00f3n, se encuentra alineada a la Pol\u00edtica de Calidad de la UNSA y a la Pol\u00edtica de aseguramiento de la calidad de la educaci\u00f3n superior universitaria (Decreto Supremo N\u00b0016-2015-MINEDU), tiene los siguientes Principios fundamentales:<\/p>\n<ol type=\"a\">\n<li>Autonom\u00eda y rector\u00eda responsables<\/li>\n<li>El estudiante como centro<\/li>\n<li>Inclusi\u00f3n y Equidad<\/li>\n<li>Calidad y excelencia acad\u00e9mica<\/li>\n<li>Desarrollo del Pa\u00eds<\/li>\n<\/ol>\n<p>La Escuela Profesional de Gesti\u00f3n de Gesti\u00f3n de Gesti\u00f3n busca garantizar una formaci\u00f3n de calidad de profesionales competentes y con valores a trav\u00e9s de nuestros principales procesos de ense\u00f1anza aprendizaje, investigaci\u00f3n y responsabilidad social de pregrado; fomentando la mejora continua en la Gesti\u00f3n de Calidad y el cumplimiento de los requisitos aplicables a nuestra organizaci\u00f3n; de esa forma cumplir con las necesidades de nuestras partes interesadas.<\/p>\n<p>La presente pol\u00edtica proporciona un marco de referencia para nuestros objetivos de calidad y se encuentran a disposici\u00f3n de todas las partes interesadas.<\/p>\n<h3>OBJETIVOS DEL SISTEMA DE GESTI\u00d3N DE CALIDAD<\/h3>\n<ol>\n<li>Garantizar la satisfacci\u00f3n de los estudiantes en la calidad de los servicios prestados por la Escuela Profesional de Gesti\u00f3n.<\/li>\n<li>Incrementar el desempe\u00f1o de los procesos del Sistema de Gesti\u00f3n de Calidad para el cumplimiento del ciclo de mejora continua.<\/li>\n<\/ol>\n","protected":false},"excerpt":{"rendered":"<p>POL\u00cdTICA DEL SISTEMA DE GESTI\u00d3N DE CALIDAD La pol\u00edtica de calidad de la Escuela Profesional de Gesti\u00f3n, se encuentra alineada a la Pol\u00edtica de Calidad de la UNSA y a la Pol\u00edtica de aseguramiento de la calidad de la educaci\u00f3n superior universitaria (Decreto Supremo N\u00b0016-2015-MINEDU), tiene los siguientes Principios fundamentales: Autonom\u00eda y rector\u00eda responsables El [&hellip;]<\/p>\n","protected":false},"author":1,"featured_media":1521,"parent":0,"menu_order":0,"comment_status":"closed","ping_status":"closed","template":"","meta":{"_acf_changed":false,"footnotes":""},"class_list":["post-1770","page","type-page","status-publish","has-post-thumbnail","hentry"],"acf":[],"_links":{"self":[{"href":"https:\/\/fad.unsa.edu.pe\/gestion\/wp-json\/wp\/v2\/pages\/1770","targetHints":{"allow":["GET"]}}],"collection":[{"href":"https:\/\/fad.unsa.edu.pe\/gestion\/wp-json\/wp\/v2\/pages"}],"about":[{"href":"https:\/\/fad.unsa.edu.pe\/gestion\/wp-json\/wp\/v2\/types\/page"}],"author":[{"embeddable":true,"href":"https:\/\/fad.unsa.edu.pe\/gestion\/wp-json\/wp\/v2\/users\/1"}],"replies":[{"embeddable":true,"href":"https:\/\/fad.unsa.edu.pe\/gestion\/wp-json\/wp\/v2\/comments?post=1770"}],"version-history":[{"count":3,"href":"https:\/\/fad.unsa.edu.pe\/gestion\/wp-json\/wp\/v2\/pages\/1770\/revisions"}],"predecessor-version":[{"id":1787,"href":"https:\/\/fad.unsa.edu.pe\/gestion\/wp-json\/wp\/v2\/pages\/1770\/revisions\/1787"}],"wp:featuredmedia":[{"embeddable":true,"href":"https:\/\/fad.unsa.edu.pe\/gestion\/wp-json\/wp\/v2\/media\/1521"}],"wp:attachment":[{"href":"https:\/\/fad.unsa.edu.pe\/gestion\/wp-json\/wp\/v2\/media?parent=1770"}],"curies":[{"name":"wp","href":"https:\/\/api.w.org\/{rel}","templated":true}]}}