{"id":1774,"date":"2019-12-09T09:29:35","date_gmt":"2019-12-09T14:29:35","guid":{"rendered":"https:\/\/fad.unsa.edu.pe\/gestion\/?page_id=1774"},"modified":"2019-12-09T09:29:35","modified_gmt":"2019-12-09T14:29:35","slug":"objetivos-educacionales","status":"publish","type":"page","link":"https:\/\/fad.unsa.edu.pe\/gestion\/objetivos-educacionales\/","title":{"rendered":"Objetivos Educacionales"},"content":{"rendered":"<ol>\n<li>Planificar, decidir, ejecutar evaluar las metas de una Organizaci\u00f3n.<\/li>\n<li>Entender y gestionar el contexto interno y externo de la propia organizaci\u00f3n para tomar decisiones con an\u00e1lisis cr\u00edtico, s\u00f3lidos valores.<\/li>\n<li>Puede gestionar \u00e1reas de finanzas, banca privada, \u00e1reas comerciales, marketing y gesti\u00f3n de recursos humanos de las organizaciones.<\/li>\n<li>Capacidad para gestionar empresas p\u00fablicas y privadas.<\/li>\n<\/ol>\n","protected":false},"excerpt":{"rendered":"<p>Planificar, decidir, ejecutar evaluar las metas de una Organizaci\u00f3n. Entender y gestionar el contexto interno y externo de la propia organizaci\u00f3n para tomar decisiones con an\u00e1lisis cr\u00edtico, s\u00f3lidos valores. Puede gestionar \u00e1reas de finanzas, banca privada, \u00e1reas comerciales, marketing y gesti\u00f3n de recursos humanos de las organizaciones. Capacidad para gestionar empresas p\u00fablicas y privadas.<\/p>\n","protected":false},"author":1,"featured_media":1526,"parent":0,"menu_order":0,"comment_status":"closed","ping_status":"closed","template":"","meta":{"_acf_changed":false,"footnotes":""},"class_list":["post-1774","page","type-page","status-publish","has-post-thumbnail","hentry"],"acf":[],"_links":{"self":[{"href":"https:\/\/fad.unsa.edu.pe\/gestion\/wp-json\/wp\/v2\/pages\/1774","targetHints":{"allow":["GET"]}}],"collection":[{"href":"https:\/\/fad.unsa.edu.pe\/gestion\/wp-json\/wp\/v2\/pages"}],"about":[{"href":"https:\/\/fad.unsa.edu.pe\/gestion\/wp-json\/wp\/v2\/types\/page"}],"author":[{"embeddable":true,"href":"https:\/\/fad.unsa.edu.pe\/gestion\/wp-json\/wp\/v2\/users\/1"}],"replies":[{"embeddable":true,"href":"https:\/\/fad.unsa.edu.pe\/gestion\/wp-json\/wp\/v2\/comments?post=1774"}],"version-history":[{"count":1,"href":"https:\/\/fad.unsa.edu.pe\/gestion\/wp-json\/wp\/v2\/pages\/1774\/revisions"}],"predecessor-version":[{"id":1775,"href":"https:\/\/fad.unsa.edu.pe\/gestion\/wp-json\/wp\/v2\/pages\/1774\/revisions\/1775"}],"wp:featuredmedia":[{"embeddable":true,"href":"https:\/\/fad.unsa.edu.pe\/gestion\/wp-json\/wp\/v2\/media\/1526"}],"wp:attachment":[{"href":"https:\/\/fad.unsa.edu.pe\/gestion\/wp-json\/wp\/v2\/media?parent=1774"}],"curies":[{"name":"wp","href":"https:\/\/api.w.org\/{rel}","templated":true}]}}