{"id":1779,"date":"2019-12-09T09:36:53","date_gmt":"2019-12-09T14:36:53","guid":{"rendered":"https:\/\/fad.unsa.edu.pe\/gestion\/?page_id=1779"},"modified":"2019-12-09T09:38:16","modified_gmt":"2019-12-09T14:38:16","slug":"perfil-del-ingresante","status":"publish","type":"page","link":"https:\/\/fad.unsa.edu.pe\/gestion\/perfil-del-ingresante\/","title":{"rendered":"Perfil del Ingresante"},"content":{"rendered":"<ul>\n<li>El postulante debe tener un conocimiento b\u00e1sico de la profesi\u00f3n a la que postula y tener bastante razonamiento matem\u00e1tico y verbal.<\/li>\n<li>Poseer conocimiento de las matem\u00e1ticas b\u00e1sicas que se dictan en Educaci\u00f3n B\u00e1sica Regular EBR (primaria y secundaria).<\/li>\n<li>Disponer de un \u00e1gil razonamiento matem\u00e1tico que le permita resolver r\u00e1pidamente problemas planteados.<\/li>\n<li>Tener habilidad en la comprensi\u00f3n de lectura.<\/li>\n<\/ul>\n","protected":false},"excerpt":{"rendered":"<p>El postulante debe tener un conocimiento b\u00e1sico de la profesi\u00f3n a la que postula y tener bastante razonamiento matem\u00e1tico y verbal. Poseer conocimiento de las matem\u00e1ticas b\u00e1sicas que se dictan en Educaci\u00f3n B\u00e1sica Regular EBR (primaria y secundaria). Disponer de un \u00e1gil razonamiento matem\u00e1tico que le permita resolver r\u00e1pidamente problemas planteados. Tener habilidad en la [&hellip;]<\/p>\n","protected":false},"author":1,"featured_media":1032,"parent":0,"menu_order":0,"comment_status":"closed","ping_status":"closed","template":"","meta":{"_acf_changed":false,"footnotes":""},"class_list":["post-1779","page","type-page","status-publish","has-post-thumbnail","hentry"],"acf":[],"_links":{"self":[{"href":"https:\/\/fad.unsa.edu.pe\/gestion\/wp-json\/wp\/v2\/pages\/1779","targetHints":{"allow":["GET"]}}],"collection":[{"href":"https:\/\/fad.unsa.edu.pe\/gestion\/wp-json\/wp\/v2\/pages"}],"about":[{"href":"https:\/\/fad.unsa.edu.pe\/gestion\/wp-json\/wp\/v2\/types\/page"}],"author":[{"embeddable":true,"href":"https:\/\/fad.unsa.edu.pe\/gestion\/wp-json\/wp\/v2\/users\/1"}],"replies":[{"embeddable":true,"href":"https:\/\/fad.unsa.edu.pe\/gestion\/wp-json\/wp\/v2\/comments?post=1779"}],"version-history":[{"count":3,"href":"https:\/\/fad.unsa.edu.pe\/gestion\/wp-json\/wp\/v2\/pages\/1779\/revisions"}],"predecessor-version":[{"id":2030,"href":"https:\/\/fad.unsa.edu.pe\/gestion\/wp-json\/wp\/v2\/pages\/1779\/revisions\/2030"}],"wp:featuredmedia":[{"embeddable":true,"href":"https:\/\/fad.unsa.edu.pe\/gestion\/wp-json\/wp\/v2\/media\/1032"}],"wp:attachment":[{"href":"https:\/\/fad.unsa.edu.pe\/gestion\/wp-json\/wp\/v2\/media?parent=1779"}],"curies":[{"name":"wp","href":"https:\/\/api.w.org\/{rel}","templated":true}]}}