{"id":1962,"date":"2022-04-06T08:58:25","date_gmt":"2022-04-06T13:58:25","guid":{"rendered":"https:\/\/fad.unsa.edu.pe\/gestion\/?page_id=1962"},"modified":"2022-04-06T08:58:25","modified_gmt":"2022-04-06T13:58:25","slug":"plan-de-estudios-escuela-profesional-gestion-especialidad-gestion-publica","status":"publish","type":"page","link":"https:\/\/fad.unsa.edu.pe\/gestion\/plan-de-estudios-escuela-profesional-gestion-especialidad-gestion-publica\/","title":{"rendered":"Plan de Estudios Escuela Profesional Gesti\u00f3n: Especialidad Gesti\u00f3n P\u00fablica"},"content":{"rendered":"<p><embed style=\"height: 90vh; width: 100%;\" src=\"https:\/\/fad.unsa.edu.pe\/gestion\/wp-content\/uploads\/sites\/5\/2022\/04\/PLAN-DE-ESTUDIOS-PUBLICA.pdf#page=1\" type=\"application\/pdf\" width=\"300\" height=\"150\"><\/p>\n","protected":false},"excerpt":{"rendered":"","protected":false},"author":1,"featured_media":0,"parent":0,"menu_order":0,"comment_status":"closed","ping_status":"closed","template":"page-blanco.php","meta":{"_acf_changed":false,"footnotes":""},"class_list":["post-1962","page","type-page","status-publish","hentry"],"acf":[],"_links":{"self":[{"href":"https:\/\/fad.unsa.edu.pe\/gestion\/wp-json\/wp\/v2\/pages\/1962","targetHints":{"allow":["GET"]}}],"collection":[{"href":"https:\/\/fad.unsa.edu.pe\/gestion\/wp-json\/wp\/v2\/pages"}],"about":[{"href":"https:\/\/fad.unsa.edu.pe\/gestion\/wp-json\/wp\/v2\/types\/page"}],"author":[{"embeddable":true,"href":"https:\/\/fad.unsa.edu.pe\/gestion\/wp-json\/wp\/v2\/users\/1"}],"replies":[{"embeddable":true,"href":"https:\/\/fad.unsa.edu.pe\/gestion\/wp-json\/wp\/v2\/comments?post=1962"}],"version-history":[{"count":2,"href":"https:\/\/fad.unsa.edu.pe\/gestion\/wp-json\/wp\/v2\/pages\/1962\/revisions"}],"predecessor-version":[{"id":1969,"href":"https:\/\/fad.unsa.edu.pe\/gestion\/wp-json\/wp\/v2\/pages\/1962\/revisions\/1969"}],"wp:attachment":[{"href":"https:\/\/fad.unsa.edu.pe\/gestion\/wp-json\/wp\/v2\/media?parent=1962"}],"curies":[{"name":"wp","href":"https:\/\/api.w.org\/{rel}","templated":true}]}}