{"id":1123,"date":"2017-09-14T15:13:22","date_gmt":"2017-09-14T15:13:22","guid":{"rendered":"http:\/\/www2.unsa.edu.pe\/escuelas\/marketing\/?page_id=1123"},"modified":"2023-08-24T15:53:37","modified_gmt":"2023-08-24T20:53:37","slug":"presentacion","status":"publish","type":"page","link":"https:\/\/fad.unsa.edu.pe\/marketing\/presentacion\/","title":{"rendered":"Presentaci\u00f3n de la Escuela"},"content":{"rendered":"<p>El marketing es un enfoque organizacional que va all\u00e1 de la producci\u00f3n, los procesos y la rentabilidad, orienta a las empresas permanentemente a reinventarse en un mercado din\u00e1mico cada vez m\u00e1s cambiante.<\/p>\n<p>En este contexto fue creada la Escuela Profesional de Marketing, como respuesta a la demanda del empresariado regional, de contar con cuadros profesionales con competencias en las nuevas tendencias en ventas, cadena de suministritos comercial, redes de mercado, comercio minorista (retail), investigaci\u00f3n de mercados y globalizaci\u00f3n.<\/p>\n<p>La Escuela profesional de marketing forma parte de la Facultad de Administraci\u00f3n y en la actualidad han salido de nuestras aulas tres promociones siendo una escuela nueva nuestros egresados est\u00e1n laborando en el \u00e1rea comercial de los sectores, financiero, telecomunicaciones, retail, PYMES y algunos han optado por el emprendimiento empresarial que es otra de las competencias en la que se forman nuestros egresados.<\/p>\n<p>Exhortamos a los j\u00f3venes egresados de los colegios secundarios de la macro regi\u00f3n sur a explorar esta nueva alternativa de realizaci\u00f3n profesional, contamos con equipamiento de laboratorios de inform\u00e1tica, infraestructura acorde con las exigencias que demanda la modernidad y plana docente en permanente capacitaci\u00f3n en al \u00e1rea de marketing que propicia el desarrollo integral de nuestros alumnos del pregrado. Nos esforzamos por desarrollar habilidades que los ayudara a afrontar este mundo cambiante.<\/p>\n<p>&nbsp;<\/p>\n","protected":false},"excerpt":{"rendered":"<p>El marketing es un enfoque organizacional que va all\u00e1 de la producci\u00f3n, los procesos y la rentabilidad, orienta a las empresas permanentemente a reinventarse en un mercado din\u00e1mico cada vez m\u00e1s cambiante. En este contexto fue creada la Escuela Profesional de Marketing, como respuesta a la demanda del empresariado regional, de contar con cuadros profesionales [&hellip;]<\/p>\n","protected":false},"author":1,"featured_media":1257,"parent":0,"menu_order":0,"comment_status":"closed","ping_status":"closed","template":"page-imagen.php","meta":{"_acf_changed":false,"footnotes":""},"class_list":["post-1123","page","type-page","status-publish","has-post-thumbnail","hentry"],"acf":[],"_links":{"self":[{"href":"https:\/\/fad.unsa.edu.pe\/marketing\/wp-json\/wp\/v2\/pages\/1123","targetHints":{"allow":["GET"]}}],"collection":[{"href":"https:\/\/fad.unsa.edu.pe\/marketing\/wp-json\/wp\/v2\/pages"}],"about":[{"href":"https:\/\/fad.unsa.edu.pe\/marketing\/wp-json\/wp\/v2\/types\/page"}],"author":[{"embeddable":true,"href":"https:\/\/fad.unsa.edu.pe\/marketing\/wp-json\/wp\/v2\/users\/1"}],"replies":[{"embeddable":true,"href":"https:\/\/fad.unsa.edu.pe\/marketing\/wp-json\/wp\/v2\/comments?post=1123"}],"version-history":[{"count":3,"href":"https:\/\/fad.unsa.edu.pe\/marketing\/wp-json\/wp\/v2\/pages\/1123\/revisions"}],"predecessor-version":[{"id":1707,"href":"https:\/\/fad.unsa.edu.pe\/marketing\/wp-json\/wp\/v2\/pages\/1123\/revisions\/1707"}],"wp:featuredmedia":[{"embeddable":true,"href":"https:\/\/fad.unsa.edu.pe\/marketing\/wp-json\/wp\/v2\/media\/1257"}],"wp:attachment":[{"href":"https:\/\/fad.unsa.edu.pe\/marketing\/wp-json\/wp\/v2\/media?parent=1123"}],"curies":[{"name":"wp","href":"https:\/\/api.w.org\/{rel}","templated":true}]}}