{"id":1125,"date":"2017-09-14T15:15:16","date_gmt":"2017-09-14T15:15:16","guid":{"rendered":"http:\/\/www2.unsa.edu.pe\/escuelas\/marketing\/?page_id=1125"},"modified":"2019-06-17T10:05:13","modified_gmt":"2019-06-17T15:05:13","slug":"resena-historica","status":"publish","type":"page","link":"https:\/\/fad.unsa.edu.pe\/marketing\/resena-historica\/","title":{"rendered":"Rese\u00f1a Hist\u00f3rica"},"content":{"rendered":"<p>La Facultad de Administraci\u00f3n fue creada mediante Resoluci\u00f3n de Asamblea Universitaria Nro. 002 de fecha 24 de marzo del 2008 y constituida por la Escuela Profesional de Administraci\u00f3n, Escuela Profesional de Marketing y la Escuela Profesional de Banca y Seguros y con Resoluci\u00f3n de Consejo Universitario Nro. 084 de fecha 03 de abril del 2008, se aprueba la creaci\u00f3n de la Escuela Profesional de Gesti\u00f3n.<\/p>\n<p>La Escuela Profesional de Marketing de la Facultad de Administraci\u00f3n, en sesi\u00f3n ordinaria de Asamblea Universitaria del 11 de enero del 2007, se acord\u00f3 aprobar la supresi\u00f3n de la Facultad de Ciencias Contables y Administrativas y en consecuencia se crean:<\/p>\n<ol>\n<li>Facultad de Ciencias Contables y Financieras, la misma que estar\u00e1 integrada por la Escuela Profesional de Contabilidad y la Escuela Profesional de Finanzas y Auditoria.<\/li>\n<li>Facultad de Administraci\u00f3n, constituida por las Escuelas Profesionales Escuela Profesional de Administraci\u00f3n, Escuela Profesional de Marketing, Escuela Profesional de Banca y Seguros, y un mes despu\u00e9s se aprueba la creaci\u00f3n de la Escuela Profesional de Gesti\u00f3n.<\/li>\n<\/ol>\n<p>Estableciendo as\u00ed, que el funcionamiento de la recientemente creada Facultad de Administraci\u00f3n ser\u00e1 en el a\u00f1o 2008, luego de elegidos sus \u00f3rganos de gobierno, de acuerdo a ello Consejo Universitario convocar\u00e1 al respectivo concurso de Admisi\u00f3n para la selecci\u00f3n de estudiantes.<\/p>\n","protected":false},"excerpt":{"rendered":"<p>La Facultad de Administraci\u00f3n fue creada mediante Resoluci\u00f3n de Asamblea Universitaria Nro. 002 de fecha 24 de marzo del 2008 y constituida por la Escuela Profesional de Administraci\u00f3n, Escuela Profesional de Marketing y la Escuela Profesional de Banca y Seguros y con Resoluci\u00f3n de Consejo Universitario Nro. 084 de fecha 03 de abril del 2008, [&hellip;]<\/p>\n","protected":false},"author":1,"featured_media":1259,"parent":0,"menu_order":0,"comment_status":"closed","ping_status":"closed","template":"","meta":{"_acf_changed":false,"footnotes":""},"class_list":["post-1125","page","type-page","status-publish","has-post-thumbnail","hentry"],"acf":[],"_links":{"self":[{"href":"https:\/\/fad.unsa.edu.pe\/marketing\/wp-json\/wp\/v2\/pages\/1125","targetHints":{"allow":["GET"]}}],"collection":[{"href":"https:\/\/fad.unsa.edu.pe\/marketing\/wp-json\/wp\/v2\/pages"}],"about":[{"href":"https:\/\/fad.unsa.edu.pe\/marketing\/wp-json\/wp\/v2\/types\/page"}],"author":[{"embeddable":true,"href":"https:\/\/fad.unsa.edu.pe\/marketing\/wp-json\/wp\/v2\/users\/1"}],"replies":[{"embeddable":true,"href":"https:\/\/fad.unsa.edu.pe\/marketing\/wp-json\/wp\/v2\/comments?post=1125"}],"version-history":[{"count":4,"href":"https:\/\/fad.unsa.edu.pe\/marketing\/wp-json\/wp\/v2\/pages\/1125\/revisions"}],"predecessor-version":[{"id":1514,"href":"https:\/\/fad.unsa.edu.pe\/marketing\/wp-json\/wp\/v2\/pages\/1125\/revisions\/1514"}],"wp:featuredmedia":[{"embeddable":true,"href":"https:\/\/fad.unsa.edu.pe\/marketing\/wp-json\/wp\/v2\/media\/1259"}],"wp:attachment":[{"href":"https:\/\/fad.unsa.edu.pe\/marketing\/wp-json\/wp\/v2\/media?parent=1125"}],"curies":[{"name":"wp","href":"https:\/\/api.w.org\/{rel}","templated":true}]}}