{"id":1127,"date":"2017-09-14T15:20:23","date_gmt":"2017-09-14T15:20:23","guid":{"rendered":"http:\/\/www2.unsa.edu.pe\/escuelas\/marketing\/?page_id=1127"},"modified":"2019-11-28T08:26:12","modified_gmt":"2019-11-28T13:26:12","slug":"mision","status":"publish","type":"page","link":"https:\/\/fad.unsa.edu.pe\/marketing\/mision\/","title":{"rendered":"Misi\u00f3n"},"content":{"rendered":"<div class=\"cua-gri\"><\/p>\n<h1><img loading=\"lazy\" decoding=\"async\" class=\"hidden-xs alignnone size-medium wp-image-1261\" src=\"https:\/\/fad.unsa.edu.pe\/marketing\/wp-content\/uploads\/sites\/3\/2018\/05\/IMG_6291-360x203.jpg\" alt=\"\" width=\"360\" height=\"203\" \/>Visi\u00f3n<\/h1>\n<p>Ser una Escuela Profesional reconocida que genere constantemente una corriente de opini\u00f3n, profesionales, investigadores y apoyo a los grupos de inter\u00e9s de la regi\u00f3n y el pa\u00eds; a partir de la formaci\u00f3n acad\u00e9mica y organizaci\u00f3n de eventos, que ayuden a cristalizar esta visi\u00f3n. Con la calidad integral que priorice los valores humanos supremos y contribuyan a la mejora cualitativa y cuantitativa de las ofertas regionales y nacionales, participando en la globalizaci\u00f3n equitativa<\/div>\n<div class=\"cua-gra\"><\/p>\n<h1><img loading=\"lazy\" decoding=\"async\" class=\"hidden-xs alignnone size-medium wp-image-1168\" src=\"https:\/\/fad.unsa.edu.pe\/marketing\/wp-content\/uploads\/sites\/3\/2017\/09\/IMG_20160416_155828-360x203.jpg\" alt=\"\" width=\"360\" height=\"203\" \/>Misi\u00f3n<\/h1>\n<p>Contribuimos a satisfacer las necesidades de profesionales del Marketing de la Regi\u00f3n y Pa\u00eds que busquen optimizar la gesti\u00f3n del sector empresarial; manteniendo una constante atenci\u00f3n a las tendencias de marketing para identificar oportunidades. Contamos con una plana docente competente que prepara a los futuros profesionales, con un s\u00f3lido sentido de la \u00e9tica y responsabilidad social sobre el impacto de sus estrategias en la sociedad, creando valor en la misma<\/div>\n","protected":false},"excerpt":{"rendered":"","protected":false},"author":1,"featured_media":0,"parent":0,"menu_order":0,"comment_status":"closed","ping_status":"closed","template":"","meta":{"_acf_changed":false,"footnotes":""},"class_list":["post-1127","page","type-page","status-publish","hentry"],"acf":[],"_links":{"self":[{"href":"https:\/\/fad.unsa.edu.pe\/marketing\/wp-json\/wp\/v2\/pages\/1127","targetHints":{"allow":["GET"]}}],"collection":[{"href":"https:\/\/fad.unsa.edu.pe\/marketing\/wp-json\/wp\/v2\/pages"}],"about":[{"href":"https:\/\/fad.unsa.edu.pe\/marketing\/wp-json\/wp\/v2\/types\/page"}],"author":[{"embeddable":true,"href":"https:\/\/fad.unsa.edu.pe\/marketing\/wp-json\/wp\/v2\/users\/1"}],"replies":[{"embeddable":true,"href":"https:\/\/fad.unsa.edu.pe\/marketing\/wp-json\/wp\/v2\/comments?post=1127"}],"version-history":[{"count":16,"href":"https:\/\/fad.unsa.edu.pe\/marketing\/wp-json\/wp\/v2\/pages\/1127\/revisions"}],"predecessor-version":[{"id":1629,"href":"https:\/\/fad.unsa.edu.pe\/marketing\/wp-json\/wp\/v2\/pages\/1127\/revisions\/1629"}],"wp:attachment":[{"href":"https:\/\/fad.unsa.edu.pe\/marketing\/wp-json\/wp\/v2\/media?parent=1127"}],"curies":[{"name":"wp","href":"https:\/\/api.w.org\/{rel}","templated":true}]}}