{"id":1146,"date":"2017-09-14T15:34:01","date_gmt":"2017-09-14T15:34:01","guid":{"rendered":"http:\/\/www2.unsa.edu.pe\/escuelas\/marketing\/?page_id=1146"},"modified":"2019-11-28T08:12:23","modified_gmt":"2019-11-28T13:12:23","slug":"perfil-del-egresado-2017","status":"publish","type":"page","link":"https:\/\/fad.unsa.edu.pe\/marketing\/perfil-del-egresado-2017\/","title":{"rendered":"Perfil del Egresado (2017)"},"content":{"rendered":"<p>El egresado de la Escuela Profesional de Marketing tendr\u00e1 las siguientes competencias:<\/p>\n<p><strong>Responsabilidad Social y \u00c9tica, Creatividad.<\/strong> Conoce las consecuencias que pueden tener sus acciones sobre s\u00ed mismo y el entorno, observa y analiza el entorno de la sociedad, influye sobre su entorno y contribuye a su desarrollo, siempre cuidando de sus acciones, con una actitud proactiva, consecuente, responsable y \u00e9tica, generando nuevas ideas y procedimientos originales a partir de sus conocimientos y contextos espec\u00edficos de la especialidad.<\/p>\n<p><strong>Capacidad de Investigaci\u00f3n y Trabajo en Equipo.<\/strong> Conoce las estructuras y t\u00e9cnicas de la investigaci\u00f3n y el m\u00e9todo cient\u00edfico, para poder elaborar y ejecutar procesos de investigaci\u00f3n, coordinando equipos multidisciplinarios, adapt\u00e1ndose al cambio y con una actitud emp\u00e1tica, proactiva y anal\u00edtica.<\/p>\n<p><strong>Capacidad de Aprendizaje.<\/strong> Conoce las t\u00e9cnicas de an\u00e1lisis de la informaci\u00f3n as\u00ed como las estrategias para poder integrar el conocimiento en sus decisiones, con habilidad de s\u00edntesis, comprensi\u00f3n y procesamiento de la informaci\u00f3n, capaz de poder autoevaluarse, y con una actitud proactiva en la b\u00fasqueda de informaci\u00f3n, demostrando actitud para aplicar y adaptar el conocimiento adquirido en la toma de decisiones.<\/p>\n<ul>\n<li><strong>Principios-Modelo Educativo UNSA<\/strong>\n<ul>\n<li>Es Intercultural<\/li>\n<li>Es Investigador<\/li>\n<li>Es Interdisciplinario<\/li>\n<li>Es Flexible<\/li>\n<\/ul>\n<\/li>\n<li><strong>Valores a formar (axiol\u00f3gico)<\/strong>\n<ul>\n<li>Tolerancia: Act\u00faa con tolerancia para una sana convivencia, respetando la axiolog\u00eda diversa, propia de la interculturalidad manifiesta en nuestra regi\u00f3n, contribuyendo a una cultura de paz en un marco democr\u00e1tico.<\/li>\n<li>Solidaridad: Promueve la mejora de la calidad de vida de la sociedad y en especial de las poblaciones vulnerables a trav\u00e9s del valor compartido<\/li>\n<li>Flexibilidad: Se adapta a los diferentes entornos del mercado altamente competitivos dentro de la funci\u00f3n del marketing.<\/li>\n<li>Responsable y Autoderminado: Asume las consecuencias en situaciones cr\u00edticas y extrae contribuciones positivas de estas.<\/li>\n<li>Resilencia: Practica la resilencia frente a contingencias inesperadas aplicando inteligencia emocional que lleven a soluciones altamente creativas e innovadoras.<\/li>\n<li>Respeto: Act\u00faa con \u00e9tica, conciencia social y planetaria, valores morales del ser y del hacer.<\/li>\n<li>Sensibilidad Art\u00edstica: Valora el patrimonio inmaterial de la humanidad.<\/li>\n<li>C\u00edvico: Respeta el ordenamiento jur\u00eddico en general y con \u00e9nfasis el relacionado al marketing.<\/li>\n<li>Integridad: Fomenta un equilibrio sano en los planos f\u00edsico, intelectual y espiritual.<\/li>\n<li>Creatividad e Innovaci\u00f3n: Promueve las capacidades para buscar nuevas propuestas, ideas y enfoques.<\/li>\n<li>Empat\u00eda: Es emp\u00e1tico, poni\u00e9ndose en el lugar de los dem\u00e1s, para ofrecer soluciones efectivas y \u00fatiles.<\/li>\n<\/ul>\n<\/li>\n<\/ul>\n","protected":false},"excerpt":{"rendered":"<p>El egresado de la Escuela Profesional de Marketing tendr\u00e1 las siguientes competencias: Responsabilidad Social y \u00c9tica, Creatividad. Conoce las consecuencias que pueden tener sus acciones sobre s\u00ed mismo y el entorno, observa y analiza el entorno de la sociedad, influye sobre su entorno y contribuye a su desarrollo, siempre cuidando de sus acciones, con una [&hellip;]<\/p>\n","protected":false},"author":1,"featured_media":1272,"parent":0,"menu_order":0,"comment_status":"closed","ping_status":"closed","template":"page-imagen.php","meta":{"_acf_changed":false,"footnotes":""},"class_list":["post-1146","page","type-page","status-publish","has-post-thumbnail","hentry"],"acf":[],"_links":{"self":[{"href":"https:\/\/fad.unsa.edu.pe\/marketing\/wp-json\/wp\/v2\/pages\/1146","targetHints":{"allow":["GET"]}}],"collection":[{"href":"https:\/\/fad.unsa.edu.pe\/marketing\/wp-json\/wp\/v2\/pages"}],"about":[{"href":"https:\/\/fad.unsa.edu.pe\/marketing\/wp-json\/wp\/v2\/types\/page"}],"author":[{"embeddable":true,"href":"https:\/\/fad.unsa.edu.pe\/marketing\/wp-json\/wp\/v2\/users\/1"}],"replies":[{"embeddable":true,"href":"https:\/\/fad.unsa.edu.pe\/marketing\/wp-json\/wp\/v2\/comments?post=1146"}],"version-history":[{"count":4,"href":"https:\/\/fad.unsa.edu.pe\/marketing\/wp-json\/wp\/v2\/pages\/1146\/revisions"}],"predecessor-version":[{"id":1611,"href":"https:\/\/fad.unsa.edu.pe\/marketing\/wp-json\/wp\/v2\/pages\/1146\/revisions\/1611"}],"wp:featuredmedia":[{"embeddable":true,"href":"https:\/\/fad.unsa.edu.pe\/marketing\/wp-json\/wp\/v2\/media\/1272"}],"wp:attachment":[{"href":"https:\/\/fad.unsa.edu.pe\/marketing\/wp-json\/wp\/v2\/media?parent=1146"}],"curies":[{"name":"wp","href":"https:\/\/api.w.org\/{rel}","templated":true}]}}