{"id":1150,"date":"2017-09-14T15:36:33","date_gmt":"2017-09-14T15:36:33","guid":{"rendered":"http:\/\/www2.unsa.edu.pe\/escuelas\/marketing\/?page_id=1150"},"modified":"2019-11-28T08:22:49","modified_gmt":"2019-11-28T13:22:49","slug":"competencias-especificas-2017","status":"publish","type":"page","link":"https:\/\/fad.unsa.edu.pe\/marketing\/competencias-especificas-2017\/","title":{"rendered":"Competencias Espec\u00edficas (2017)"},"content":{"rendered":"<ul>\n<li>Fundamenta el Marketing como ciencia social para contribuir a mejorar la calidad de vida, Comunica las bondades y ventajas de su especialidad utilizando sistemas comunicacionales (TIC\u00b4S) para crear cultura de marketing en beneficio de la sociedad<\/li>\n<li>Emprende, actividades relacionadas con los productos andinos destinado al consumo industrial y humano, con calidad competitiva y responsabilidad social, gestiona las ventajas comparativas de nuestra ubicaci\u00f3n geopol\u00edtica buscando el liderazgo macro regional con calidad para mercado globalizado<\/li>\n<li>Elabora proyectos de investigaci\u00f3n con car\u00e1cter interdisciplinario, afines a los contenidos del plan de estudios de la carrera para superar los problemas del mercado de manera responsable e innovadora.<\/li>\n<li>Gestiona el valor intangible de la empresa, con prop\u00f3sitos de rentabilizar y ofertar valor al mercado respetando las normatividad legal y \u00e9tica.<\/li>\n<li>Diversifica la l\u00ednea de productos vertical y horizontalmente para satisfacer las necesidades cambiantes del consumidor y ampliar la rentabilidad de la empresa con responsabilidad y creatividad<\/li>\n<li>Elabora planes de marketing sobre la base al diagn\u00f3stico de su objeto de estudio, para lograr los objetivos de la empresa de forma \u00f3ptima<\/li>\n<li>Modela planes de negocios para rentabilizar la inversi\u00f3n creativa y responsablemente. (Investigaci\u00f3n, incubadora, proyectos)<\/li>\n<li>Diagnostica el valor de la marca para mejorar su posicionamiento en el mercado con objetividad cient\u00edfica.<\/li>\n<li>Administra la cartera de clientes para contribuir financieramente al desarrollo de la empresa, con un estudio previo de las necesidades del mercado<\/li>\n<li>Innova en procedimientos y productos para resolver determinados requerimientos del mercado y alcanzar metas fijadas, partiendo de diagn\u00f3sticos objetivos<\/li>\n<li>Gerencia las actividades propias del marketing para lograr los objetivos de mercado, utilizando indicadores de gesti\u00f3n debidamente justificados<\/li>\n<li>Dise\u00f1a la pol\u00edtica de la cadena de distribuci\u00f3n de la oferta para satisfacer la demanda y el bienestar del cliente, optimizando los recursos log\u00edsticos de la empresa<\/li>\n<li>Administra las operaciones de servicios para satisfacer las expectativas y necesidades del p\u00fablico objetivo, respetando su diversidad.<\/li>\n<\/ul>\n","protected":false},"excerpt":{"rendered":"<p>Fundamenta el Marketing como ciencia social para contribuir a mejorar la calidad de vida, Comunica las bondades y ventajas de su especialidad utilizando sistemas comunicacionales (TIC\u00b4S) para crear cultura de marketing en beneficio de la sociedad Emprende, actividades relacionadas con los productos andinos destinado al consumo industrial y humano, con calidad competitiva y responsabilidad social, [&hellip;]<\/p>\n","protected":false},"author":1,"featured_media":1267,"parent":0,"menu_order":0,"comment_status":"closed","ping_status":"closed","template":"","meta":{"_acf_changed":false,"footnotes":""},"class_list":["post-1150","page","type-page","status-publish","has-post-thumbnail","hentry"],"acf":[],"_links":{"self":[{"href":"https:\/\/fad.unsa.edu.pe\/marketing\/wp-json\/wp\/v2\/pages\/1150","targetHints":{"allow":["GET"]}}],"collection":[{"href":"https:\/\/fad.unsa.edu.pe\/marketing\/wp-json\/wp\/v2\/pages"}],"about":[{"href":"https:\/\/fad.unsa.edu.pe\/marketing\/wp-json\/wp\/v2\/types\/page"}],"author":[{"embeddable":true,"href":"https:\/\/fad.unsa.edu.pe\/marketing\/wp-json\/wp\/v2\/users\/1"}],"replies":[{"embeddable":true,"href":"https:\/\/fad.unsa.edu.pe\/marketing\/wp-json\/wp\/v2\/comments?post=1150"}],"version-history":[{"count":7,"href":"https:\/\/fad.unsa.edu.pe\/marketing\/wp-json\/wp\/v2\/pages\/1150\/revisions"}],"predecessor-version":[{"id":1624,"href":"https:\/\/fad.unsa.edu.pe\/marketing\/wp-json\/wp\/v2\/pages\/1150\/revisions\/1624"}],"wp:featuredmedia":[{"embeddable":true,"href":"https:\/\/fad.unsa.edu.pe\/marketing\/wp-json\/wp\/v2\/media\/1267"}],"wp:attachment":[{"href":"https:\/\/fad.unsa.edu.pe\/marketing\/wp-json\/wp\/v2\/media?parent=1150"}],"curies":[{"name":"wp","href":"https:\/\/api.w.org\/{rel}","templated":true}]}}