{"id":1308,"date":"2018-05-25T15:56:48","date_gmt":"2018-05-25T20:56:48","guid":{"rendered":"https:\/\/fad.unsa.edu.pe\/marketing\/?page_id=1308"},"modified":"2022-06-30T10:24:07","modified_gmt":"2022-06-30T15:24:07","slug":"perfil-del-postulante","status":"publish","type":"page","link":"https:\/\/fad.unsa.edu.pe\/marketing\/perfil-del-postulante\/","title":{"rendered":"Perfil de Ingreso"},"content":{"rendered":"<ul>\n<li>Aplica el pensamiento l\u00f3gico-racional utilizando operaciones matem\u00e1ticas complejas.<\/li>\n<li>Es capaz de discernir, analizar y sintetizar la informaci\u00f3n.<\/li>\n<li>Presta atenci\u00f3n a los acontecimientos mundiales y su influencia en los productos o servicios.<\/li>\n<li>Aprecia las manifestaciones sociales, art\u00edsticas y culturales<\/li>\n<\/ul>\n","protected":false},"excerpt":{"rendered":"<p>Aplica el pensamiento l\u00f3gico-racional utilizando operaciones matem\u00e1ticas complejas. Es capaz de discernir, analizar y sintetizar la informaci\u00f3n. Presta atenci\u00f3n a los acontecimientos mundiales y su influencia en los productos o servicios. Aprecia las manifestaciones sociales, art\u00edsticas y culturales<\/p>\n","protected":false},"author":1,"featured_media":1032,"parent":0,"menu_order":0,"comment_status":"closed","ping_status":"closed","template":"","meta":{"_acf_changed":false,"footnotes":""},"class_list":["post-1308","page","type-page","status-publish","has-post-thumbnail","hentry"],"acf":[],"_links":{"self":[{"href":"https:\/\/fad.unsa.edu.pe\/marketing\/wp-json\/wp\/v2\/pages\/1308","targetHints":{"allow":["GET"]}}],"collection":[{"href":"https:\/\/fad.unsa.edu.pe\/marketing\/wp-json\/wp\/v2\/pages"}],"about":[{"href":"https:\/\/fad.unsa.edu.pe\/marketing\/wp-json\/wp\/v2\/types\/page"}],"author":[{"embeddable":true,"href":"https:\/\/fad.unsa.edu.pe\/marketing\/wp-json\/wp\/v2\/users\/1"}],"replies":[{"embeddable":true,"href":"https:\/\/fad.unsa.edu.pe\/marketing\/wp-json\/wp\/v2\/comments?post=1308"}],"version-history":[{"count":2,"href":"https:\/\/fad.unsa.edu.pe\/marketing\/wp-json\/wp\/v2\/pages\/1308\/revisions"}],"predecessor-version":[{"id":1610,"href":"https:\/\/fad.unsa.edu.pe\/marketing\/wp-json\/wp\/v2\/pages\/1308\/revisions\/1610"}],"wp:featuredmedia":[{"embeddable":true,"href":"https:\/\/fad.unsa.edu.pe\/marketing\/wp-json\/wp\/v2\/media\/1032"}],"wp:attachment":[{"href":"https:\/\/fad.unsa.edu.pe\/marketing\/wp-json\/wp\/v2\/media?parent=1308"}],"curies":[{"name":"wp","href":"https:\/\/api.w.org\/{rel}","templated":true}]}}