{"id":1529,"date":"2019-06-17T11:19:54","date_gmt":"2019-06-17T16:19:54","guid":{"rendered":"https:\/\/fad.unsa.edu.pe\/marketing\/?page_id=1529"},"modified":"2019-06-17T11:19:54","modified_gmt":"2019-06-17T16:19:54","slug":"competencias-genericas","status":"publish","type":"page","link":"https:\/\/fad.unsa.edu.pe\/marketing\/competencias-genericas\/","title":{"rendered":"Competencias Gen\u00e9ricas"},"content":{"rendered":"<p><strong>Responsabilidad Social y \u00c9tica, Creatividad.<\/strong> Conoce las consecuencias que pueden tener sus acciones sobre s\u00ed mismo y el entorno, observa y analiza el entorno de la sociedad, influye sobre su entorno y contribuye a su desarrollo, siempre cuidando de sus acciones, con una actitud proactiva, consecuente, responsable y \u00e9tica, generando nuevas ideas y procedimientos originales a partir de sus conocimientos y contextos espec\u00edficos de la especialidad.<\/p>\n<p><strong>Capacidad de Investigaci\u00f3n y Trabajo en Equipo.<\/strong> Conoce las estructuras y t\u00e9cnicas de la investigaci\u00f3n y el m\u00e9todo cient\u00edfico, para poder elaborar y ejecutar procesos de investigaci\u00f3n, coordinando equipos multidisciplinarios, adapt\u00e1ndose al cambio y con una actitud emp\u00e1tica, proactiva y anal\u00edtica.<\/p>\n<p><strong>Capacidad de Aprendizaje.<\/strong> Conoce las t\u00e9cnicas de an\u00e1lisis de la informaci\u00f3n, as\u00ed como las estrategias para poder integrar el conocimiento en sus decisiones, con habilidad de s\u00edntesis, comprensi\u00f3n y procesamiento de la informaci\u00f3n, capaz de poder autoevaluarse, y con una actitud proactiva en la b\u00fasqueda de informaci\u00f3n, demostrando actitud para aplicar y adaptar el conocimiento adquirido en la toma de decisiones.<\/p>\n","protected":false},"excerpt":{"rendered":"<p>Responsabilidad Social y \u00c9tica, Creatividad. Conoce las consecuencias que pueden tener sus acciones sobre s\u00ed mismo y el entorno, observa y analiza el entorno de la sociedad, influye sobre su entorno y contribuye a su desarrollo, siempre cuidando de sus acciones, con una actitud proactiva, consecuente, responsable y \u00e9tica, generando nuevas ideas y procedimientos originales [&hellip;]<\/p>\n","protected":false},"author":1,"featured_media":1414,"parent":0,"menu_order":0,"comment_status":"closed","ping_status":"closed","template":"","meta":{"_acf_changed":false,"footnotes":""},"class_list":["post-1529","page","type-page","status-publish","has-post-thumbnail","hentry"],"acf":[],"_links":{"self":[{"href":"https:\/\/fad.unsa.edu.pe\/marketing\/wp-json\/wp\/v2\/pages\/1529","targetHints":{"allow":["GET"]}}],"collection":[{"href":"https:\/\/fad.unsa.edu.pe\/marketing\/wp-json\/wp\/v2\/pages"}],"about":[{"href":"https:\/\/fad.unsa.edu.pe\/marketing\/wp-json\/wp\/v2\/types\/page"}],"author":[{"embeddable":true,"href":"https:\/\/fad.unsa.edu.pe\/marketing\/wp-json\/wp\/v2\/users\/1"}],"replies":[{"embeddable":true,"href":"https:\/\/fad.unsa.edu.pe\/marketing\/wp-json\/wp\/v2\/comments?post=1529"}],"version-history":[{"count":1,"href":"https:\/\/fad.unsa.edu.pe\/marketing\/wp-json\/wp\/v2\/pages\/1529\/revisions"}],"predecessor-version":[{"id":1530,"href":"https:\/\/fad.unsa.edu.pe\/marketing\/wp-json\/wp\/v2\/pages\/1529\/revisions\/1530"}],"wp:featuredmedia":[{"embeddable":true,"href":"https:\/\/fad.unsa.edu.pe\/marketing\/wp-json\/wp\/v2\/media\/1414"}],"wp:attachment":[{"href":"https:\/\/fad.unsa.edu.pe\/marketing\/wp-json\/wp\/v2\/media?parent=1529"}],"curies":[{"name":"wp","href":"https:\/\/api.w.org\/{rel}","templated":true}]}}