{"id":1612,"date":"2019-11-28T08:13:59","date_gmt":"2019-11-28T13:13:59","guid":{"rendered":"https:\/\/fad.unsa.edu.pe\/marketing\/?page_id=1612"},"modified":"2019-11-28T08:13:59","modified_gmt":"2019-11-28T13:13:59","slug":"perfil-del-egresado-2010","status":"publish","type":"page","link":"https:\/\/fad.unsa.edu.pe\/marketing\/perfil-del-egresado-2010\/","title":{"rendered":"Perfil del Egresado (2010)"},"content":{"rendered":"<p>El egresado de la Escuela Profesional de Marketing tendr\u00e1 las siguientes competencias:<\/p>\n<p><strong>Responsabilidad Social y \u00c9tica, Creatividad.<\/strong> Conoce las consecuencias que pueden tener sus acciones sobre s\u00ed mismo y el entorno, observa y analiza el entorno de la sociedad, influye sobre su entorno y contribuye a su desarrollo, siempre cuidando de sus acciones, con una actitud proactiva, consecuente, responsable y \u00e9tica, generando nuevas ideas y procedimientos originales a partir de sus conocimientos y contextos espec\u00edficos de la especialidad.<\/p>\n<p><strong>Capacidad de Investigaci\u00f3n.<\/strong> Conoce las estructuras y t\u00e9cnicas de la investigaci\u00f3n y el m\u00e9todo cient\u00edfico, para poder elaborar y ejecutar procesos de investigaci\u00f3n, adapt\u00e1ndose al cambio y con una actitud emp\u00e1tica, proactiva y anal\u00edtica.<\/p>\n<p><strong>Capacidad de Aprendizaje.<\/strong> Conoce las t\u00e9cnicas de an\u00e1lisis de la informaci\u00f3n as\u00ed como las estrategias para poder integrar el conocimiento en sus decisiones, con habilidad de s\u00edntesis, comprensi\u00f3n y procesamiento de la informaci\u00f3n, capaz de poder autoevaluarse, y con una actitud proactiva en la b\u00fasqueda de informaci\u00f3n, demostrando actitud para aplicar y adaptar el conocimiento adquirido en la toma de decisiones.<\/p>\n","protected":false},"excerpt":{"rendered":"<p>El egresado de la Escuela Profesional de Marketing tendr\u00e1 las siguientes competencias: Responsabilidad Social y \u00c9tica, Creatividad. Conoce las consecuencias que pueden tener sus acciones sobre s\u00ed mismo y el entorno, observa y analiza el entorno de la sociedad, influye sobre su entorno y contribuye a su desarrollo, siempre cuidando de sus acciones, con una [&hellip;]<\/p>\n","protected":false},"author":1,"featured_media":1249,"parent":0,"menu_order":0,"comment_status":"closed","ping_status":"closed","template":"","meta":{"_acf_changed":false,"footnotes":""},"class_list":["post-1612","page","type-page","status-publish","has-post-thumbnail","hentry"],"acf":[],"_links":{"self":[{"href":"https:\/\/fad.unsa.edu.pe\/marketing\/wp-json\/wp\/v2\/pages\/1612","targetHints":{"allow":["GET"]}}],"collection":[{"href":"https:\/\/fad.unsa.edu.pe\/marketing\/wp-json\/wp\/v2\/pages"}],"about":[{"href":"https:\/\/fad.unsa.edu.pe\/marketing\/wp-json\/wp\/v2\/types\/page"}],"author":[{"embeddable":true,"href":"https:\/\/fad.unsa.edu.pe\/marketing\/wp-json\/wp\/v2\/users\/1"}],"replies":[{"embeddable":true,"href":"https:\/\/fad.unsa.edu.pe\/marketing\/wp-json\/wp\/v2\/comments?post=1612"}],"version-history":[{"count":1,"href":"https:\/\/fad.unsa.edu.pe\/marketing\/wp-json\/wp\/v2\/pages\/1612\/revisions"}],"predecessor-version":[{"id":1613,"href":"https:\/\/fad.unsa.edu.pe\/marketing\/wp-json\/wp\/v2\/pages\/1612\/revisions\/1613"}],"wp:featuredmedia":[{"embeddable":true,"href":"https:\/\/fad.unsa.edu.pe\/marketing\/wp-json\/wp\/v2\/media\/1249"}],"wp:attachment":[{"href":"https:\/\/fad.unsa.edu.pe\/marketing\/wp-json\/wp\/v2\/media?parent=1612"}],"curies":[{"name":"wp","href":"https:\/\/api.w.org\/{rel}","templated":true}]}}