{"id":1625,"date":"2019-11-28T08:23:51","date_gmt":"2019-11-28T13:23:51","guid":{"rendered":"https:\/\/fad.unsa.edu.pe\/marketing\/?page_id=1625"},"modified":"2019-11-28T08:23:51","modified_gmt":"2019-11-28T13:23:51","slug":"competencias-especificas-2010","status":"publish","type":"page","link":"https:\/\/fad.unsa.edu.pe\/marketing\/competencias-especificas-2010\/","title":{"rendered":"Competencias Espec\u00edficas (2010)"},"content":{"rendered":"<ul>\n<li>Desarrolla un planeamiento estrat\u00e9gico, t\u00e1ctico y operativo<\/li>\n<li>Administra un proceso log\u00edstico integral<\/li>\n<li>Detecta oportunidades para innovar y desarrollar productos nuevos y actuales<\/li>\n<li>Formula, realiza e interpreta estudios de mercado y planes de marketing<\/li>\n<li>Identifica, administra y optimiza los procesos de negocios de las organizaciones<\/li>\n<li>Toma decisiones de inversi\u00f3n, financiamiento y gesti\u00f3n recursos financieros en la empresa<\/li>\n<li>Administra y desarrolla el talento humano en la organizaci\u00f3n<\/li>\n<\/ul>\n","protected":false},"excerpt":{"rendered":"<p>Desarrolla un planeamiento estrat\u00e9gico, t\u00e1ctico y operativo Administra un proceso log\u00edstico integral Detecta oportunidades para innovar y desarrollar productos nuevos y actuales Formula, realiza e interpreta estudios de mercado y planes de marketing Identifica, administra y optimiza los procesos de negocios de las organizaciones Toma decisiones de inversi\u00f3n, financiamiento y gesti\u00f3n recursos financieros en la [&hellip;]<\/p>\n","protected":false},"author":1,"featured_media":1257,"parent":0,"menu_order":0,"comment_status":"closed","ping_status":"closed","template":"page-imagen.php","meta":{"_acf_changed":false,"footnotes":""},"class_list":["post-1625","page","type-page","status-publish","has-post-thumbnail","hentry"],"acf":[],"_links":{"self":[{"href":"https:\/\/fad.unsa.edu.pe\/marketing\/wp-json\/wp\/v2\/pages\/1625","targetHints":{"allow":["GET"]}}],"collection":[{"href":"https:\/\/fad.unsa.edu.pe\/marketing\/wp-json\/wp\/v2\/pages"}],"about":[{"href":"https:\/\/fad.unsa.edu.pe\/marketing\/wp-json\/wp\/v2\/types\/page"}],"author":[{"embeddable":true,"href":"https:\/\/fad.unsa.edu.pe\/marketing\/wp-json\/wp\/v2\/users\/1"}],"replies":[{"embeddable":true,"href":"https:\/\/fad.unsa.edu.pe\/marketing\/wp-json\/wp\/v2\/comments?post=1625"}],"version-history":[{"count":1,"href":"https:\/\/fad.unsa.edu.pe\/marketing\/wp-json\/wp\/v2\/pages\/1625\/revisions"}],"predecessor-version":[{"id":1626,"href":"https:\/\/fad.unsa.edu.pe\/marketing\/wp-json\/wp\/v2\/pages\/1625\/revisions\/1626"}],"wp:featuredmedia":[{"embeddable":true,"href":"https:\/\/fad.unsa.edu.pe\/marketing\/wp-json\/wp\/v2\/media\/1257"}],"wp:attachment":[{"href":"https:\/\/fad.unsa.edu.pe\/marketing\/wp-json\/wp\/v2\/media?parent=1625"}],"curies":[{"name":"wp","href":"https:\/\/api.w.org\/{rel}","templated":true}]}}