{"id":1635,"date":"2019-12-10T11:17:37","date_gmt":"2019-12-10T16:17:37","guid":{"rendered":"https:\/\/fad.unsa.edu.pe\/marketing\/?page_id=1635"},"modified":"2019-12-10T11:17:37","modified_gmt":"2019-12-10T16:17:37","slug":"sistema-de-gestion-de-la-calidad","status":"publish","type":"page","link":"https:\/\/fad.unsa.edu.pe\/marketing\/sistema-de-gestion-de-la-calidad\/","title":{"rendered":"Sistema de Gesti\u00f3n de la Calidad"},"content":{"rendered":"<h3>Alcance del Sistema de Gesti\u00f3n de la Calidad<\/h3>\n<p>Es aplicable a los procesos, de dise\u00f1o, y desarrollo, admisi\u00f3n, nivelaci\u00f3n y prestaci\u00f3n del servicio para la formaci\u00f3n de estudiantes, en educaci\u00f3n superior, de nivel pregrado.<\/p>\n<p>No aplica el requisito 7.1.5.2 trazabilidad de las mediciones, debido a que en la escuela profesional no se cuenta con instrumentos de medici\u00f3n que necesiten calibraci\u00f3n o verificaci\u00f3n y afecten su funcionamiento de SGC.<\/p>\n<h3>Pol\u00edtica de Calidad<\/h3>\n<p>La pol\u00edtica de calidad de la Escuela Profesional de Marketing, se encuentra alineada a la pol\u00edtica de calidad de la UNAS y a la pol\u00edtica de aseguramiento de calidad de la educaci\u00f3n superior universitaria (Decreto Supremo N\u00ba 016-2015-MINEDU), tiene los siguientes principios:<\/p>\n<ol type=\"a\">\n<li>Autonom\u00eda y rector\u00eda responsables<\/li>\n<li>El estudiante como centro<\/li>\n<li>Inclusi\u00f3n y equidad<\/li>\n<li>Calidad y excelencia acad\u00e9mica<\/li>\n<li>Desarrollo del Pa\u00eds<\/li>\n<\/ol>\n<p>La Escuela Profesional de Marketing busca garantizar una formaci\u00f3n de calidad de profesionales competentes y con valores a trav\u00e9s de nuestros procesos de ense\u00f1anza aprendizaje, investigaci\u00f3n y responsabilidad social de pregrado; fomentando la mejora continua en la gesti\u00f3n de calidad y el cumplimiento de los requisitos aplicables a nuestra organizaci\u00f3n; de esa forma cumplir con las necesidades de nuestras partes interesadas.<\/p>\n<p>La presente pol\u00edtica proporciona un marco de referencia para nuestros objetivos de calidad y se encuentran a disposici\u00f3n de todas las partes interesadas<\/p>\n<h3>Objetivos de la calidad<\/h3>\n<p>Los objetivos de la calidad son un conjunto de pretensiones medibles que han sido establecidos por el Director de la escuela profesional, estos son coherentes con la pol\u00edtica de la calidad y persiguen la mejora continua.<\/p>\n<ol>\n<li>Garantizar la satisfacci\u00f3n de los estudiantes en la calidad de servicio prestado por la Escuela Profesional de Marketing<\/li>\n<li>Incrementar el desempe\u00f1o de los procesos de Sistema de Gesti\u00f3n de la Calidad para el cumplimiento del ciclo de mejora continua.<\/li>\n<\/ol>\n<h3>Quienes participan del Sistema de Gesti\u00f3n de la calidad<\/h3>\n<ul>\n<li>El director de la Escuela Profesional<\/li>\n<li>El responsable del SGC<\/li>\n<li>El responsable del proceso<\/li>\n<li>Integrantes del SGC: Personal docente, personal administrativo, estudiantes, egresados<\/li>\n<li>El personal que desarrolla actividades relacionadas al SGC<\/li>\n<\/ul>\n","protected":false},"excerpt":{"rendered":"<p>Alcance del Sistema de Gesti\u00f3n de la Calidad Es aplicable a los procesos, de dise\u00f1o, y desarrollo, admisi\u00f3n, nivelaci\u00f3n y prestaci\u00f3n del servicio para la formaci\u00f3n de estudiantes, en educaci\u00f3n superior, de nivel pregrado. No aplica el requisito 7.1.5.2 trazabilidad de las mediciones, debido a que en la escuela profesional no se cuenta con instrumentos [&hellip;]<\/p>\n","protected":false},"author":1,"featured_media":1414,"parent":0,"menu_order":0,"comment_status":"closed","ping_status":"closed","template":"","meta":{"_acf_changed":false,"footnotes":""},"class_list":["post-1635","page","type-page","status-publish","has-post-thumbnail","hentry"],"acf":[],"_links":{"self":[{"href":"https:\/\/fad.unsa.edu.pe\/marketing\/wp-json\/wp\/v2\/pages\/1635","targetHints":{"allow":["GET"]}}],"collection":[{"href":"https:\/\/fad.unsa.edu.pe\/marketing\/wp-json\/wp\/v2\/pages"}],"about":[{"href":"https:\/\/fad.unsa.edu.pe\/marketing\/wp-json\/wp\/v2\/types\/page"}],"author":[{"embeddable":true,"href":"https:\/\/fad.unsa.edu.pe\/marketing\/wp-json\/wp\/v2\/users\/1"}],"replies":[{"embeddable":true,"href":"https:\/\/fad.unsa.edu.pe\/marketing\/wp-json\/wp\/v2\/comments?post=1635"}],"version-history":[{"count":1,"href":"https:\/\/fad.unsa.edu.pe\/marketing\/wp-json\/wp\/v2\/pages\/1635\/revisions"}],"predecessor-version":[{"id":1636,"href":"https:\/\/fad.unsa.edu.pe\/marketing\/wp-json\/wp\/v2\/pages\/1635\/revisions\/1636"}],"wp:featuredmedia":[{"embeddable":true,"href":"https:\/\/fad.unsa.edu.pe\/marketing\/wp-json\/wp\/v2\/media\/1414"}],"wp:attachment":[{"href":"https:\/\/fad.unsa.edu.pe\/marketing\/wp-json\/wp\/v2\/media?parent=1635"}],"curies":[{"name":"wp","href":"https:\/\/api.w.org\/{rel}","templated":true}]}}