{"id":1735,"date":"2024-10-30T16:03:38","date_gmt":"2024-10-30T21:03:38","guid":{"rendered":"https:\/\/fad.unsa.edu.pe\/marketing\/?page_id=1735"},"modified":"2024-12-26T18:28:10","modified_gmt":"2024-12-26T23:28:10","slug":"becas-y-movilidad","status":"publish","type":"page","link":"https:\/\/fad.unsa.edu.pe\/marketing\/becas-y-movilidad\/","title":{"rendered":"Becas y Movilidad"},"content":{"rendered":"<p>Se presentan los programas de becas y movilidad de la Universidad Nacional de San Agust\u00edn de Arequipa y la Escuela Profesional de Marketing, dise\u00f1ados para enriquecer el crecimiento acad\u00e9mico y profesional.<\/p>\n\n\t\t<style type=\"text\/css\">\n\t\t\t#gallery-1 {\n\t\t\t\tmargin: auto;\n\t\t\t}\n\t\t\t#gallery-1 .gallery-item {\n\t\t\t\tfloat: left;\n\t\t\t\tmargin-top: 10px;\n\t\t\t\ttext-align: center;\n\t\t\t\twidth: 100%;\n\t\t\t}\n\t\t\t#gallery-1 img {\n\t\t\t\tborder: 2px solid #cfcfcf;\n\t\t\t}\n\t\t\t#gallery-1 .gallery-caption {\n\t\t\t\tmargin-left: 0;\n\t\t\t}\n\t\t\t\/* see gallery_shortcode() in wp-includes\/media.php *\/\n\t\t<\/style>\n\t\t<div id='gallery-1' class='gallery galleryid-1735 gallery-columns-1 gallery-size-full'><dl class='gallery-item'>\n\t\t\t<dt class='gallery-icon landscape'>\n\t\t\t\t<a href='https:\/\/fad.unsa.edu.pe\/marketing\/becas-y-movilidad\/prog-inter-pive-2024-2\/'><img loading=\"lazy\" decoding=\"async\" width=\"1080\" height=\"764\" src=\"https:\/\/fad.unsa.edu.pe\/marketing\/wp-content\/uploads\/sites\/3\/2024\/10\/Prog.-inter-PIVE-2024-1.jpeg\" class=\"attachment-full size-full\" alt=\"\" srcset=\"https:\/\/fad.unsa.edu.pe\/marketing\/wp-content\/uploads\/sites\/3\/2024\/10\/Prog.-inter-PIVE-2024-1.jpeg 1080w, https:\/\/fad.unsa.edu.pe\/marketing\/wp-content\/uploads\/sites\/3\/2024\/10\/Prog.-inter-PIVE-2024-1-768x543.jpeg 768w\" sizes=\"auto, (max-width: 1080px) 100vw, 1080px\" \/><\/a>\n\t\t\t<\/dt><\/dl><br style=\"clear: both\" \/><dl class='gallery-item'>\n\t\t\t<dt class='gallery-icon landscape'>\n\t\t\t\t<a href='https:\/\/fad.unsa.edu.pe\/marketing\/becas-y-movilidad\/convocatoria-2024-1-2\/'><img loading=\"lazy\" decoding=\"async\" width=\"1080\" height=\"764\" src=\"https:\/\/fad.unsa.edu.pe\/marketing\/wp-content\/uploads\/sites\/3\/2024\/10\/Convocatoria-2024-1-1.jpeg\" class=\"attachment-full size-full\" alt=\"\" srcset=\"https:\/\/fad.unsa.edu.pe\/marketing\/wp-content\/uploads\/sites\/3\/2024\/10\/Convocatoria-2024-1-1.jpeg 1080w, https:\/\/fad.unsa.edu.pe\/marketing\/wp-content\/uploads\/sites\/3\/2024\/10\/Convocatoria-2024-1-1-768x543.jpeg 768w\" sizes=\"auto, (max-width: 1080px) 100vw, 1080px\" \/><\/a>\n\t\t\t<\/dt><\/dl><br style=\"clear: both\" \/>\n\t\t<\/div>\n\n","protected":false},"excerpt":{"rendered":"<p>Se presentan los programas de becas y movilidad de la Universidad Nacional de San Agust\u00edn de Arequipa y la Escuela Profesional de Marketing, dise\u00f1ados para enriquecer el crecimiento acad\u00e9mico y profesional.<\/p>\n","protected":false},"author":5,"featured_media":0,"parent":0,"menu_order":0,"comment_status":"closed","ping_status":"closed","template":"page-blanco.php","meta":{"_acf_changed":false,"footnotes":""},"class_list":["post-1735","page","type-page","status-publish","hentry"],"acf":[],"_links":{"self":[{"href":"https:\/\/fad.unsa.edu.pe\/marketing\/wp-json\/wp\/v2\/pages\/1735","targetHints":{"allow":["GET"]}}],"collection":[{"href":"https:\/\/fad.unsa.edu.pe\/marketing\/wp-json\/wp\/v2\/pages"}],"about":[{"href":"https:\/\/fad.unsa.edu.pe\/marketing\/wp-json\/wp\/v2\/types\/page"}],"author":[{"embeddable":true,"href":"https:\/\/fad.unsa.edu.pe\/marketing\/wp-json\/wp\/v2\/users\/5"}],"replies":[{"embeddable":true,"href":"https:\/\/fad.unsa.edu.pe\/marketing\/wp-json\/wp\/v2\/comments?post=1735"}],"version-history":[{"count":5,"href":"https:\/\/fad.unsa.edu.pe\/marketing\/wp-json\/wp\/v2\/pages\/1735\/revisions"}],"predecessor-version":[{"id":1751,"href":"https:\/\/fad.unsa.edu.pe\/marketing\/wp-json\/wp\/v2\/pages\/1735\/revisions\/1751"}],"wp:attachment":[{"href":"https:\/\/fad.unsa.edu.pe\/marketing\/wp-json\/wp\/v2\/media?parent=1735"}],"curies":[{"name":"wp","href":"https:\/\/api.w.org\/{rel}","templated":true}]}}